{"id":2601,"date":"2025-03-04T19:27:45","date_gmt":"2025-03-04T11:27:45","guid":{"rendered":"http:\/\/120.55.194.30\/product\/spirax-sarco-ft14-10-4-5-14-ball-float-steam-trap-flanged\/"},"modified":"2026-03-24T11:38:03","modified_gmt":"2026-03-24T03:38:03","slug":"spirax-sarco-ft14-10-4-5-14-ball-float-steam-trap-flanged","status":"publish","type":"product","link":"https:\/\/www.shopvalves.com\/es\/producto\/spirax-sarco-ft14-10-4-5-14-ball-float-steam-trap-flanged\/","title":{"rendered":"Spirax Sarco FT14-10\/4.5\/14 Conexi\u00f3n de brida para purgador de vapor Float"},"content":{"rendered":"<p>La Trampa de Vapor de Flotador Spirax Sarco FT14 (Conexi\u00f3n de Brida), hecha de hierro d\u00factil, con venteo de aire autom\u00e1tico incorporado, est\u00e1 embridada para mantenimiento en l\u00ednea sin desmontaje de tuber\u00eda.<\/p>\n<h3>Modelos disponibles<\/h3>\n<ul>\n<li>FT14(R-L): Conexi\u00f3n horizontal de derecha a izquierda<\/li>\n<li>FT14(I-D): conexi\u00f3n horizontal de izquierda a derecha<\/li>\n<li>FT14(V): Conexi\u00f3n vertical de flujo descendente<\/li>\n<\/ul>\n<h3>Otras opciones<\/h3>\n<ul>\n<li>FT14C: Adem\u00e1s de la v\u00e1lvula de escape, se proporciona un dispositivo de liberaci\u00f3n de bloqueo de vapor (SLR) para evitar el bloqueo de vapor en el sistema, con la letra \"C\" al final del nombre del modelo.<\/li>\n<li>FT14X: con filtro incorporado.<\/li>\n<\/ul>\n<h3>bolsa de fluido<\/h3>\n<p>Con la vejiga de l\u00edquido BP99\/32, puede aplicarse a vapores sobrecalentados con niveles de recalentamiento de 150\u00b0C @ 0 bar g y 50\u00b0C @ 32 bar g.<\/p>\n<h3>Normas y certificados<\/h3>\n<p>Cumple la Directiva europea de equipos a presi\u00f3n 97\/23\/CE, certificado EN 10204 2.2 disponible (especificar en el pedido).<\/p>\n<h3>material (del que est\u00e1 hecho algo)<\/h3>\n<table>\n<thead>\n<tr>\n<th>n\u00famero de serie<\/th>\n<th>car\u00e1cter radical<\/th>\n<th>material (del que est\u00e1 hecho algo)<\/th>\n<\/tr>\n<\/thead>\n<tbody>\n<tr>\n<td>1<\/td>\n<td>cuerpo de la v\u00e1lvula<\/td>\n<td>Fundici\u00f3n d\u00factil DIN 1693 GGG 40<\/td>\n<\/tr>\n<tr>\n<td>2<\/td>\n<td>Pernos del cap\u00f3<\/td>\n<td>BS 3692 Gr. 8.8<\/td>\n<\/tr>\n<tr>\n<td>3<\/td>\n<td>Junta del bonete<\/td>\n<td>Grafito en escamas reforzado<\/td>\n<\/tr>\n<tr>\n<td>4<\/td>\n<td>cap\u00f3s<\/td>\n<td>Fundici\u00f3n d\u00factil DIN 1693 GGG 40<\/td>\n<\/tr>\n<tr>\n<td>5<\/td>\n<td>Asiento de la v\u00e1lvula principal<\/td>\n<td>Acero inoxidable BS 970 431 S29<\/td>\n<\/tr>\n<tr>\n<td>6<\/td>\n<td>V\u00e1lvula principal\/junta del asiento de la v\u00e1lvula de vac\u00edo<\/td>\n<td>Acero inoxidable BS 1449 409 S19<\/td>\n<\/tr>\n<tr>\n<td>7<\/td>\n<td>Tornillos del conjunto de la v\u00e1lvula principal<\/td>\n<td>Acero inoxidable BS 6105 CI A2-70<\/td>\n<\/tr>\n<tr>\n<td>8<\/td>\n<td>Mecanismo de flotador y varilla<\/td>\n<td>Acero inoxidable BS 1449 304 S16<\/td>\n<\/tr>\n<tr>\n<td>9<\/td>\n<td>Unidad de v\u00e1lvula de purga de aire<\/td>\n<td>aceros inoxidables<\/td>\n<\/tr>\n<tr>\n<td>10<\/td>\n<td>Soporte pivotante<\/td>\n<td>Acero inoxidable BS 1449 304 S16<\/td>\n<\/tr>\n<tr>\n<td>11<\/td>\n<td>fulcro<\/td>\n<td>aceros inoxidables<\/td>\n<\/tr>\n<tr>\n<td>12<\/td>\n<td>Dispositivo SLR<\/td>\n<td>Acero inoxidable BS 970 303 S21<\/td>\n<\/tr>\n<tr>\n<td>13<\/td>\n<td>Junta SLR<\/td>\n<td>Acero inoxidable BS 1449 304 S16<\/td>\n<\/tr>\n<tr>\n<td>14<\/td>\n<td>Sello SLR<\/td>\n<td>plumbago<\/td>\n<\/tr>\n<tr>\n<td>15<\/td>\n<td>Gu\u00edas anticorrosi\u00f3n (s\u00f3lo DN25)<\/td>\n<td>Acero inoxidable BS 970 431 S29<\/td>\n<\/tr>\n<tr>\n<td>16<\/td>\n<td>Muelle de la v\u00e1lvula principal (s\u00f3lo DN25)<\/td>\n<td>Acero inoxidable BS 2056 302 S26<\/td>\n<\/tr>\n<\/tbody>\n<\/table>\n<h3>Dimensiones y tuber\u00edas<\/h3>\n<p>Los calibres son DN15, DN20 y DN25 y las normas de brida son EN 1092 PN16, ANSI 150 y JIS\/KS 20.<\/p>\n<h3>pesos<\/h3>\n<table>\n<thead>\n<tr>\n<th>calibre<\/th>\n<th>Peso (kg)<\/th>\n<\/tr>\n<\/thead>\n<tbody>\n<tr>\n<td>DN15<\/td>\n<td>4.5<\/td>\n<\/tr>\n<tr>\n<td>DN20<\/td>\n<td>5.0<\/td>\n<\/tr>\n<tr>\n<td>DN25<\/td>\n<td>6.5<\/td>\n<\/tr>\n<\/tbody>\n<\/table>\n<h3>Alcance del trabajo<\/h3>\n<table>\n<thead>\n<tr>\n<th>evento deportivo<\/th>\n<th>datos<\/th>\n<\/tr>\n<\/thead>\n<tbody>\n<tr>\n<td>Condiciones de dise\u00f1o del cuerpo de la v\u00e1lvula<\/td>\n<td>PN16<\/td>\n<\/tr>\n<tr>\n<td>Presi\u00f3n m\u00e1xima admisible de PMA<\/td>\n<td>16 bar g@100\u00b0C<\/td>\n<\/tr>\n<tr>\n<td>TMA Temperatura m\u00e1xima admisible<\/td>\n<td>250\u00b0C@13 bar g<\/td>\n<\/tr>\n<tr>\n<td>Temperatura m\u00ednima admisible<\/td>\n<td>-10\u00b0C<\/td>\n<\/tr>\n<tr>\n<td>Presi\u00f3n m\u00e1xima de servicio PMO<\/td>\n<td>14 bar g<\/td>\n<\/tr>\n<tr>\n<td>TMO Temperatura m\u00e1xima de funcionamiento<\/td>\n<td>250\u00b0C@13 bar g<\/td>\n<\/tr>\n<tr>\n<td>Temperatura m\u00ednima de trabajo<\/td>\n<td>0\u00b0C<\/td>\n<\/tr>\n<tr>\n<td>$\\tri\u00e1ngulo PMX$ Presi\u00f3n diferencial m\u00e1xima (FT14-4,5)<\/td>\n<td>4,5 bar<\/td>\n<\/tr>\n<tr>\n<td>$\\tri\u00e1ngulo PMX$ Presi\u00f3n diferencial m\u00e1xima (FT14-10)<\/td>\n<td>10 bar<\/td>\n<\/tr>\n<tr>\n<td>$\\tri\u00e1ngulo PMX$ Presi\u00f3n diferencial m\u00e1xima (FT14-14)<\/td>\n<td>14 bar<\/td>\n<\/tr>\n<tr>\n<td>Presi\u00f3n m\u00e1xima de dise\u00f1o de la prueba hidr\u00e1ulica en fr\u00edo<\/td>\n<td>24 bar g<\/td>\n<\/tr>\n<\/tbody>\n<\/table>\n<h3>Informaci\u00f3n sobre seguridad, instalaci\u00f3n y mantenimiento<\/h3>\n<p>Consulte la Gu\u00eda de instalaci\u00f3n y mantenimiento (IM-S02-13) suministrada con el producto para obtener informaci\u00f3n detallada. Instale la v\u00e1lvula de modo que la direcci\u00f3n del flujo de fluido sea la misma que la indicada por la flecha del cuerpo de la v\u00e1lvula, y aseg\u00farese de que el brazo del flotador est\u00e9 colocado horizontalmente para garantizar que el flotador pueda subir y bajar libremente en vertical, y que la direcci\u00f3n del flujo pueda cambiarse in situ si es necesario.<\/p>\n<h3>tratar con<\/h3>\n<p>Este producto es reciclable y no da\u00f1a el medio ambiente si se elimina correctamente.<\/p>\n<h3>Instrucciones de pedido<\/h3>\n<p>Ejemplo: 1-Spirax Sarco DN25 FT14-4,5(R-L) Purgador de vapor de boya, conexi\u00f3n de brida DN16 con purga de aire, direcci\u00f3n de conexi\u00f3n modificable in situ.<\/p>\n<p><img fetchpriority=\"high\" decoding=\"async\" src=\"https:\/\/www.shopvalves.com\/wp-content\/uploads\/2025\/03\/img_3-4.png\" alt=\"Spirax Sarco FT14-10\/4.5\/14 Trampa de Vapor Float\u00ae Bridada - Diagramas\" width=\"1082\" height=\"676\" class=\"alignnone size-full wp-image-5201\" srcset=\"https:\/\/www.shopvalves.com\/wp-content\/uploads\/2025\/03\/img_3-4.png 1082w, https:\/\/www.shopvalves.com\/wp-content\/uploads\/2025\/03\/img_3-4-300x187.png 300w, https:\/\/www.shopvalves.com\/wp-content\/uploads\/2025\/03\/img_3-4-1024x640.png 1024w, https:\/\/www.shopvalves.com\/wp-content\/uploads\/2025\/03\/img_3-4-768x480.png 768w, https:\/\/www.shopvalves.com\/wp-content\/uploads\/2025\/03\/img_3-4-18x12.png 18w, https:\/\/www.shopvalves.com\/wp-content\/uploads\/2025\/03\/img_3-4-600x375.png 600w\" sizes=\"(max-width: 1082px) 100vw, 1082px\" \/><\/p>\n<p><!-- \u6280\u672f\u8d44\u6599\u4e0b\u8f7d\u533a\u5757 --><\/p>\n<div class=\"valve-documents\">\n<h3 class=\"doc-title\">Descarga de datos t\u00e9cnicos<\/h3>\n<div class=\"doc-links\">\n<a href=\"https:\/\/doc.shopvalves.com\/FT14-TI-S02-26-EN.pdf\" class=\"doc-link\" target=\"_blank\">FT14-TI-S02-26-EN.pdf<\/a><br \/><a href=\"https:\/\/doc.shopvalves.com\/TI-S02-26-Chinese.pdf\" class=\"doc-link\" target=\"_blank\">TI-S02-26-Chinese.pdf<\/a>    <\/div>\n<\/div>","protected":false},"excerpt":{"rendered":"<p>Spirax Sarco FT14 Trampa de Vapor de Flotador (Conexi\u00f3n de Brida), fabricada en hierro d\u00factil, con dispositivo autom\u00e1tico de purga de aire incorporado, utiliza...<\/p>","protected":false},"featured_media":3567,"template":"","meta":{"_kadence_starter_templates_imported_post":false,"_kad_post_transparent":"default","_kad_post_title":"","_kad_post_layout":"default","_kad_post_sidebar_id":"","_kad_post_content_style":"default","_kad_post_vertical_padding":"default","_kad_post_feature":"","_kad_post_feature_position":"","_kad_post_header":false,"_kad_post_footer":false},"product_brand":[24],"product_cat":[67,56],"product_tag":[57,65],"class_list":{"0":"post-2601","1":"product","2":"type-product","3":"status-publish","4":"has-post-thumbnail","6":"product_brand-spirax-sarco","7":"product_cat-ball-float-steam-traps","8":"product_cat-steam-traps","9":"product_tag-spiraxsarco-traps","10":"product_tag-spiraxsarco-valves","12":"first","13":"instock","14":"shipping-taxable","15":"purchasable","16":"product-type-variable","17":"entry","18":"content-bg","19":"loop-entry"},"_links":{"self":[{"href":"https:\/\/www.shopvalves.com\/es\/wp-json\/wp\/v2\/product\/2601","targetHints":{"allow":["GET"]}}],"collection":[{"href":"https:\/\/www.shopvalves.com\/es\/wp-json\/wp\/v2\/product"}],"about":[{"href":"https:\/\/www.shopvalves.com\/es\/wp-json\/wp\/v2\/types\/product"}],"wp:featuredmedia":[{"embeddable":true,"href":"https:\/\/www.shopvalves.com\/es\/wp-json\/wp\/v2\/media\/3567"}],"wp:attachment":[{"href":"https:\/\/www.shopvalves.com\/es\/wp-json\/wp\/v2\/media?parent=2601"}],"wp:term":[{"taxonomy":"product_brand","embeddable":true,"href":"https:\/\/www.shopvalves.com\/es\/wp-json\/wp\/v2\/product_brand?post=2601"},{"taxonomy":"product_cat","embeddable":true,"href":"https:\/\/www.shopvalves.com\/es\/wp-json\/wp\/v2\/product_cat?post=2601"},{"taxonomy":"product_tag","embeddable":true,"href":"https:\/\/www.shopvalves.com\/es\/wp-json\/wp\/v2\/product_tag?post=2601"}],"curies":[{"name":"wp","href":"https:\/\/api.w.org\/{rel}","templated":true}]}}