{"id":3085,"date":"2025-03-18T09:10:46","date_gmt":"2025-03-18T01:10:46","guid":{"rendered":"https:\/\/www.shopvalves.com\/product\/spirax-sarco-ep6-atex-electro-pneumatic-positioner\/"},"modified":"2026-03-24T11:31:50","modified_gmt":"2026-03-24T03:31:50","slug":"spirax-sarco-ep6-atex-electro-pneumatic-positioner","status":"publish","type":"product","link":"https:\/\/www.shopvalves.com\/es\/producto\/spirax-sarco-ep6-atex-electro-pneumatic-positioner\/","title":{"rendered":"Spirax Sarco Controlador EP6 ATEX Posicionador El\u00e9ctrico Inteligente Posicionador EP6"},"content":{"rendered":"<p>El posicionador el\u00e9ctrico EP6 de Spirax Sarco puede utilizarse con actuadores lineales o rotativos conformes a la conexi\u00f3n NAMUR, de modo que la carrera de la v\u00e1lvula de control corresponde exactamente a la se\u00f1al de entrada (mA) del posicionador.El posicionador EP6 est\u00e1 alojado en una caja de aluminio fundido a presi\u00f3n y puede montarse en el exterior. El rango de recorrido es de 20 mm a 150 mm para actuadores lineales y de 55-90\u00b0 para actuadores rotativos. El kit de montaje del posicionador est\u00e1 disponible en varias opciones, que deben especificarse en el momento de realizar el pedido.El posicionador EP6 est\u00e1 equipado de serie con un man\u00f3metro para indicar la presi\u00f3n de aire comprimido que se env\u00eda al actuador. El actuador puede aceptar una se\u00f1al de control de mA y una presi\u00f3n m\u00e1xima de aire comprimido de 7 barg. el posicionador EP6 tambi\u00e9n puede utilizarse en acci\u00f3n positiva o negativa. el posicionador EP6 debe alimentarse con aire de alta calidad, la calidad del aire comprimido debe ser conforme a la norma iso 8573-1:2010 Clase 3:3:2. el posicionador EP6 puede utilizarse con las series BVA300, PN9000, serie TN2000, serie DC y otros actuadores Spessartec y otros actuadores con conexiones NAMUR.<\/p>\n<h3>material (del que est\u00e1 hecho algo)<\/h3>\n<table>\n<thead>\n<tr>\n<th>car\u00e1cter radical<\/th>\n<th>material (del que est\u00e1 hecho algo)<\/th>\n<th>cara<\/th>\n<\/tr>\n<\/thead>\n<tbody>\n<tr>\n<td>Carcasas y cubiertas<\/td>\n<td>aluminio fundido<\/td>\n<td>Revestimiento anticorrosi\u00f3n<\/td>\n<\/tr>\n<tr>\n<td>Soporte de montaje<\/td>\n<td>acero al carbono<\/td>\n<td>RAL9016<\/td>\n<\/tr>\n<\/tbody>\n<\/table>\n<h3>Par\u00e1metros t\u00e9cnicos<\/h3>\n<table>\n<thead>\n<tr>\n<th>se\u00f1al de entrada<\/th>\n<th>4-20 mA (aumento m\u00ednimo 8 mA para control jer\u00e1rquico)<\/th>\n<\/tr>\n<\/thead>\n<tbody>\n<tr>\n<td>Impedancia de entrada<\/td>\n<td>M\u00e1ximo 250 \u00b1 15 \u03a9<\/td>\n<\/tr>\n<tr>\n<td>aire comprimido<\/td>\n<td>1,4 - 7,0 bar<\/td>\n<\/tr>\n<tr>\n<td>calidad del aire<\/td>\n<td>Seco, libre de aceite y contaminantes seg\u00fan ISO 8573-1:2010 Clase 3:3:3<\/td>\n<\/tr>\n<tr>\n<td>presi\u00f3n de salida<\/td>\n<td>0 - 100% Presi\u00f3n de alimentaci\u00f3n<\/td>\n<\/tr>\n<tr>\n<td>Alcance del viaje<\/td>\n<td>20 mm - 150 mm; 55 \u00b0 - 90 \u00b0<\/td>\n<\/tr>\n<tr>\n<td>movimiento<\/td>\n<td>Simple efecto \/ doble efecto<\/td>\n<\/tr>\n<tr>\n<td>temperatura de funcionamiento<\/td>\n<td>-20 \u00b0C - +70 \u00b0C<\/td>\n<\/tr>\n<tr>\n<td>caudal de aire<\/td>\n<td>80 LPM @ 1,4 bar<\/td>\n<\/tr>\n<tr>\n<td>Consumo de aire en estado estacionario<\/td>\n<td>2,4 LPM @ 1,4 bar<\/td>\n<\/tr>\n<tr>\n<td>conexi\u00f3n de aire<\/td>\n<td>Rosca \u00bc\" NPT<\/td>\n<\/tr>\n<tr>\n<td>(nivel de) sensibilidad<\/td>\n<td>Simple efecto: \u00b1 0,2% carrera completa; Doble efecto: \u00b1 0,5% carrera completa<\/td>\n<\/tr>\n<tr>\n<td>hist\u00e9resis<\/td>\n<td>\u00b1 1% carrera completa; Simple efecto: \u00b1 1% carrera completa<\/td>\n<\/tr>\n<tr>\n<td>linealidad<\/td>\n<td>Doble efecto:\u00b1 2% Carrera completa<\/td>\n<\/tr>\n<tr>\n<td>repetibilidad<\/td>\n<td>\u00b1 0,5% Carrera completa<\/td>\n<\/tr>\n<tr>\n<td>conexi\u00f3n el\u00e9ctrica<\/td>\n<td>Conexi\u00f3n de cable M20, terminales para hilos de 0,5 - 2,5 mm\u00b2.<\/td>\n<\/tr>\n<tr>\n<td>Grado de embalaje<\/td>\n<td>IP66 Lineal<\/td>\n<\/tr>\n<tr>\n<td>pesos<\/td>\n<td>2,8 kg (cuerpo del posicionador lineal); 1,2 kg (kit de montaje EY1\/EY2\/EY3\/EY4); 0,9 kg (kit de montaje UY1\/UY3); 4,1 kg (posicionador rotativo y kit de montaje)<\/td>\n<\/tr>\n<\/tbody>\n<\/table>\n<h3>Gu\u00eda de selecci\u00f3n de posicionadores<\/h3>\n<table>\n<thead>\n<tr>\n<th>Tipo de instalaci\u00f3n<\/th>\n<th>ign\u00edfugo<\/th>\n<th>Ninguno Lineal Seleccione el kit de montaje seg\u00fan la p\u00e1gina 4 Rotativo - Est\u00e1ndar con kit de montaje<\/th>\n<\/tr>\n<\/thead>\n<tbody>\n<tr>\n<td>Conexi\u00f3n el\u00e9ctrica Tipo<\/td>\n<td>M20 - \u00bc \" NPT Est\u00e1ndar<\/td>\n<td><\/td>\n<\/tr>\n<\/tbody>\n<\/table>\n<h3>componente instalado<\/h3>\n<table>\n<thead>\n<tr>\n<th>posici\u00f3n de montaje<\/th>\n<th>Modelo de actuador<\/th>\n<th>Modelo de v\u00e1lvula<\/th>\n<th>Calibre de las v\u00e1lvulas<\/th>\n<th>Soporte de montaje Modelo<\/th>\n<\/tr>\n<\/thead>\n<tbody>\n<tr>\n<td>mediar entre<\/td>\n<td>PN9100<\/td>\n<td>V\u00e1lvulas de 2 y 3 v\u00edas Spira-Trol TM<\/td>\n<td>DN15 - DN50<\/td>\n<td>EY1 \/ EY3<\/td>\n<\/tr>\n<tr>\n<td><\/td>\n<td>PN9200<\/td>\n<td><\/td>\n<td>DN15 - DN100<\/td>\n<td><\/td>\n<\/tr>\n<tr>\n<td><\/td>\n<td>PN9300<\/td>\n<td><\/td>\n<td><\/td>\n<td><\/td>\n<\/tr>\n<tr>\n<td><\/td>\n<td>TN2030<\/td>\n<td>V\u00e1lvulas de 2 y 3 v\u00edas Spira-Trol TM<\/td>\n<td>DN15 - DN100<\/td>\n<td>EY1 \/ EY3<\/td>\n<\/tr>\n<tr>\n<td><\/td>\n<td>TN2150<\/td>\n<td><\/td>\n<td><\/td>\n<td><\/td>\n<\/tr>\n<tr>\n<td><\/td>\n<td>TN2300<\/td>\n<td><\/td>\n<td>DN125 - DN300<\/td>\n<td>EY2 \/ EY4<\/td>\n<\/tr>\n<tr>\n<td><\/td>\n<td>TN2400<\/td>\n<td><\/td>\n<td><\/td>\n<td><\/td>\n<\/tr>\n<tr>\n<td><\/td>\n<td>TN2270<\/td>\n<td><\/td>\n<td><\/td>\n<td><\/td>\n<\/tr>\n<tr>\n<td>lado izquierdo<\/td>\n<td>PN9100<\/td>\n<td>V\u00e1lvulas de 2 y 3 v\u00edas Spira-Trol TM<\/td>\n<td>DN15 - DN50<\/td>\n<td>UY3<\/td>\n<\/tr>\n<tr>\n<td><\/td>\n<td>PN9200<\/td>\n<td><\/td>\n<td>DN15 - DN100<\/td>\n<td><\/td>\n<\/tr>\n<tr>\n<td><\/td>\n<td>PN9300<\/td>\n<td><\/td>\n<td><\/td>\n<td><\/td>\n<\/tr>\n<tr>\n<td><\/td>\n<td>TN2030<\/td>\n<td>V\u00e1lvulas de 2 y 3 v\u00edas Spira-Trol TM<\/td>\n<td>DN15 - DN100<\/td>\n<td>inaplicable<\/td>\n<\/tr>\n<tr>\n<td><\/td>\n<td>TN2150<\/td>\n<td><\/td>\n<td><\/td>\n<td><\/td>\n<\/tr>\n<tr>\n<td><\/td>\n<td>TN2300<\/td>\n<td><\/td>\n<td>DN125 - DN300<\/td>\n<td>UY1<\/td>\n<\/tr>\n<tr>\n<td><\/td>\n<td>TN2400<\/td>\n<td><\/td>\n<td><\/td>\n<td><\/td>\n<\/tr>\n<tr>\n<td><\/td>\n<td>TN2270<\/td>\n<td><\/td>\n<td><\/td>\n<td><\/td>\n<\/tr>\n<\/tbody>\n<\/table>\n<h3>Informaci\u00f3n sobre seguridad, instalaci\u00f3n y mantenimiento<\/h3>\n<p>Consulte la Gu\u00eda de instalaci\u00f3n y mantenimiento de la EP6 para obtener m\u00e1s informaci\u00f3n.<\/p>\n<h3>Modelos disponibles<\/h3>\n<table>\n<thead>\n<tr>\n<th style=\"text-align: left;\">n\u00famero de modelo<\/th>\n<th style=\"text-align: left;\">SKU<\/th>\n<\/tr>\n<\/thead>\n<tbody>\n<tr>\n<td style=\"text-align: left;\">Posicionador EP6 Para montaje lateral(DN15 - 100)+ FR20A<\/td>\n<td style=\"text-align: left;\">3440252+3440214+5400<\/td>\n<\/tr>\n<tr>\n<td style=\"text-align: left;\">Posicionador EP6 Para montaje central(DN15 - 100)+ FR20A<\/td>\n<td style=\"text-align: left;\">3440252+3440206+5400<\/td>\n<\/tr>\n<tr>\n<td style=\"text-align: left;\">EP6 Exd IIBT5(DN15 - 100) Para montaje lateral+ FR20A<\/td>\n<td style=\"text-align: left;\">3440254+3440214+5400<\/td>\n<\/tr>\n<tr>\n<td style=\"text-align: left;\">EP6 Exd IIBT5(DN15 - 100) Para montaje central+ FR20A<\/td>\n<td style=\"text-align: left;\">3440254+3440206+5400<\/td>\n<\/tr>\n<\/tbody>\n<\/table>\n<p><!-- \u6280\u672f\u8d44\u6599\u4e0b\u8f7d\u533a\u5757 --><\/p>\n<div class=\"valve-documents\">\n<h3 class=\"doc-title\">Descarga de datos t\u00e9cnicos<\/h3>\n<div class=\"doc-links\">\n<a href=\"https:\/\/doc.shopvalves.com\/IM-P703-02-ZH EP6 CTLS Issue 2_2022.07.27.pdf\" class=\"doc-link\" target=\"_blank\">IM-P703-02-ZH EP6 CTLS Edici\u00f3n 2_2022.07.27.pdf<\/a><br \/><a href=\"https:\/\/doc.shopvalves.com\/TI-P703-01 EP6\u7535\u6c14\u5b9a\u4f4d\u5668_22.07.21.pdf\" class=\"doc-link\" target=\"_blank\">TI-P703-01 Posicionador el\u00e9ctrico EP6_22.07.21.pdf<\/a><br \/><a href=\"https:\/\/doc.shopvalves.com\/TI-P703-03-English.pdf\" class=\"doc-link\" target=\"_blank\">TI-P703-03-English.pdf<\/a><br \/><a href=\"https:\/\/doc.shopvalves.com\/TI-P703-03.pdf\" class=\"doc-link\" target=\"_blank\">TI-P703-03.pdf<\/a>    <\/div>\n<\/div>","protected":false},"excerpt":{"rendered":"<p>El posicionador el\u00e9ctrico EP6 de Spirax Sarco puede utilizarse con actuadores lineales o giratorios que cumplan las conexiones NAMUR, lo que permite controlar...<\/p>","protected":false},"featured_media":4948,"template":"","meta":{"_kadence_starter_templates_imported_post":false,"_kad_post_transparent":"default","_kad_post_title":"","_kad_post_layout":"default","_kad_post_sidebar_id":"","_kad_post_content_style":"default","_kad_post_vertical_padding":"default","_kad_post_feature":"","_kad_post_feature_position":"","_kad_post_header":false,"_kad_post_footer":false},"product_brand":[24],"product_cat":[102,50],"product_tag":[],"class_list":{"0":"post-3085","1":"product","2":"type-product","3":"status-publish","4":"has-post-thumbnail","6":"product_brand-spirax-sarco","7":"product_cat-positioners-controllers-and-sensors","8":"product_cat-control-systems","10":"first","11":"instock","12":"sale","13":"shipping-taxable","14":"purchasable","15":"product-type-variable","16":"entry","17":"content-bg","18":"loop-entry"},"_links":{"self":[{"href":"https:\/\/www.shopvalves.com\/es\/wp-json\/wp\/v2\/product\/3085","targetHints":{"allow":["GET"]}}],"collection":[{"href":"https:\/\/www.shopvalves.com\/es\/wp-json\/wp\/v2\/product"}],"about":[{"href":"https:\/\/www.shopvalves.com\/es\/wp-json\/wp\/v2\/types\/product"}],"wp:featuredmedia":[{"embeddable":true,"href":"https:\/\/www.shopvalves.com\/es\/wp-json\/wp\/v2\/media\/4948"}],"wp:attachment":[{"href":"https:\/\/www.shopvalves.com\/es\/wp-json\/wp\/v2\/media?parent=3085"}],"wp:term":[{"taxonomy":"product_brand","embeddable":true,"href":"https:\/\/www.shopvalves.com\/es\/wp-json\/wp\/v2\/product_brand?post=3085"},{"taxonomy":"product_cat","embeddable":true,"href":"https:\/\/www.shopvalves.com\/es\/wp-json\/wp\/v2\/product_cat?post=3085"},{"taxonomy":"product_tag","embeddable":true,"href":"https:\/\/www.shopvalves.com\/es\/wp-json\/wp\/v2\/product_tag?post=3085"}],"curies":[{"name":"wp","href":"https:\/\/api.w.org\/{rel}","templated":true}]}}