{"id":3121,"date":"2025-03-18T09:11:50","date_gmt":"2025-03-18T01:11:50","guid":{"rendered":"https:\/\/www.shopvalves.com\/product\/spirax-sarco-fig-36-austenitic-stainless-steel-strainer\/"},"modified":"2025-06-10T22:43:24","modified_gmt":"2025-06-10T14:43:24","slug":"spirax-sarco-fig-36-austenitic-stainless-steel-strainer","status":"publish","type":"product","link":"https:\/\/www.shopvalves.com\/es\/producto\/spirax-sarco-fig-36-austenitic-stainless-steel-strainer\/","title":{"rendered":"Filtro de acero inoxidable austen\u00edtico Spirax Sarco Fig36"},"content":{"rendered":"<p>Colador de acero inoxidable austen\u00edtico Spirax Sarco Fig36 con brida integral y colador en forma de Y. Filtro est\u00e1ndar de acero inoxidable: DIN15-DN80 tama\u00f1o de poro 0,8 mm, DIN100-DN200 tama\u00f1o de poro 1,6 mm, otros tama\u00f1os de poro, tama\u00f1os de malla y filtro Monel est\u00e1n disponibles. A petici\u00f3n, el cap\u00f3 del filtro puede perforarse con orificios roscados para la conexi\u00f3n a una v\u00e1lvula de drenaje o descarga.<\/p>\n<h3>norma<\/h3>\n<p>Este producto cumple plenamente la Directiva europea sobre equipos a presi\u00f3n 97\/23\/CE y puede etiquetarse si es necesario.<\/p>\n<h3>certificados<\/h3>\n<p>Certificado de material EN 10204 3.1 disponible, s\u00f3lo tiene que especificar sus requisitos al realizar el pedido.<\/p>\n<h3>opci\u00f3n<\/h3>\n<ol>\n<li><strong>filtro<\/strong>\n<ul>\n<li><strong>Malla filtrante de acero inoxidable<\/strong>Apertura 1,6 mm (DN15-DN80), 3,0 mm (DN15-DN200); luz de malla 40, 100, 200.<\/li>\n<li><strong>Filtro Monel<\/strong>: Las aberturas son de 0,8 mm (DN15-DN80), 1,6 mm (DN15-DN200), 3,0 mm (DN15-DN200); el n\u00famero de mallas es 100.<\/li>\n<\/ul>\n<\/li>\n<li><strong>Conexi\u00f3n de la v\u00e1lvula de drenaje o descarga<\/strong><br \/>\n        El bonete puede perforarse con orificios roscados de diferentes tama\u00f1os para la instalaci\u00f3n de una v\u00e1lvula de drenaje o descarga, que corresponden a los siguientes:<\/li>\n<li>\n<table>\n<thead>\n<tr>\n<th>Calibre del filtro<\/th>\n<th>v\u00e1lvula de purga<\/th>\n<th>v\u00e1lvula de ventilaci\u00f3n<\/th>\n<\/tr>\n<\/thead>\n<tbody>\n<tr>\n<td>DN15<\/td>\n<td>\u00bc\"<\/td>\n<td>\u00bc\"<\/td>\n<\/tr>\n<tr>\n<td>DN20 y DN25<\/td>\n<td>\u00bd\"<\/td>\n<td>\u00bd\"<\/td>\n<\/tr>\n<tr>\n<td>DN32 y DN40<\/td>\n<td>1\"<\/td>\n<td>\u00be\"<\/td>\n<\/tr>\n<tr>\n<td>DN50 y DN125<\/td>\n<td>1\u00bc\"<\/td>\n<td>\u00be\"<\/td>\n<\/tr>\n<tr>\n<td>DN150 y DN200<\/td>\n<td>2\"<\/td>\n<td>\u00be\"<\/td>\n<\/tr>\n<\/tbody>\n<\/table>\n<\/li>\n<\/ol>\n<h3>Alcance del trabajo<\/h3>\n<table>\n<thead>\n<tr>\n<th>Dise\u00f1o del cuerpo de la v\u00e1lvula<\/th>\n<th>ANSI 300 (PN50)<\/th>\n<\/tr>\n<\/thead>\n<tbody>\n<tr>\n<td>Presi\u00f3n m\u00e1xima admisible de PMA<\/td>\n<td>41 bar g @ 38 \u00b0C<\/td>\n<\/tr>\n<tr>\n<td>TMA Temperatura m\u00e1xima admisible<\/td>\n<td>450 \u00b0C @ 21 bar g<\/td>\n<\/tr>\n<tr>\n<td>Temperatura m\u00ednima admisible<\/td>\n<td>-29 \u00b0C<\/td>\n<\/tr>\n<tr>\n<td>Presi\u00f3n m\u00e1xima de servicio PMO<\/td>\n<td>ANSI 150 16 bar g<br \/>PN40 38 bar g<br \/>ANSI 300 41 bar g<\/td>\n<\/tr>\n<tr>\n<td>TMO Temperatura m\u00e1xima de funcionamiento<\/td>\n<td>450 \u00b0C @ 21 bar g<\/td>\n<\/tr>\n<tr>\n<td>Temperatura m\u00ednima de trabajo<\/td>\n<td>-29 \u00b0C<\/td>\n<\/tr>\n<tr>\n<td>Presi\u00f3n m\u00e1xima de dise\u00f1o de la prueba hidr\u00e1ulica en fr\u00edo<\/td>\n<td>76 bar g<\/td>\n<\/tr>\n<tr>\n<td>clasificador de sumas de dinero<\/td>\n<td>Temperaturas de funcionamiento m\u00e1s bajas a petici\u00f3n de Spirax Sarco<\/td>\n<\/tr>\n<\/tbody>\n<\/table>\n<h3>Calibre y conexiones de tuber\u00edas<\/h3>\n<p>Los calibres est\u00e1n disponibles en DN 15, 20, 25, 32, 40, 50, 65, 80, 100, 125, 150 y 200.<br \/>\n    Est\u00e1ndar de brida:<\/p>\n<ul>\n<li>EN1092 PN16, 25 y PN40 (DN15-DN50);<\/li>\n<li>EN1092 PN25 y PN40 (DN65-DN150);<\/li>\n<li>EN1092 PN40 (DN200);<\/li>\n<li>ANSI 150 y ANSI 300 (todos los calibres);<br \/>\n        Las bridas JIS\/KS est\u00e1n disponibles bajo pedido.<\/li>\n<\/ul>\n<h3>material (del que est\u00e1 hecho algo)<\/h3>\n<table>\n<thead>\n<tr>\n<th>n\u00famero de serie<\/th>\n<th>car\u00e1cter radical<\/th>\n<th>material (del que est\u00e1 hecho algo)<\/th>\n<\/tr>\n<\/thead>\n<tbody>\n<tr>\n<td>1<\/td>\n<td>cuerpo de la v\u00e1lvula<\/td>\n<td>Acero inoxidable austen\u00edtico ASTM A351 CF3M<\/td>\n<\/tr>\n<tr>\n<td>2<\/td>\n<td>cap\u00f3s<\/td>\n<td>DN15-DN50: Acero inoxidable austen\u00edtico ASTM A182F316L<br \/>DN65-DN200: Acero inoxidable austen\u00edtico ASTM A351 CF3M<\/td>\n<\/tr>\n<tr>\n<td>3<\/td>\n<td>juntas<\/td>\n<td>Grafito en escamas reforzado<\/td>\n<\/tr>\n<tr>\n<td>4<\/td>\n<td>filtro<\/td>\n<td>Acero inoxidable austen\u00edtico ASTM A240 316L<\/td>\n<\/tr>\n<tr>\n<td>5<\/td>\n<td>perno (componente macho de la tuerca y el tornillo)<\/td>\n<td>Aceros inoxidables austen\u00edticos ISO 3506 A2-70<\/td>\n<\/tr>\n<\/tbody>\n<\/table>\n<h3>Valor Kv<\/h3>\n<p>F\u00f3rmula de conversi\u00f3n: c (UK) = Kv x 0,963; Cv (US) = Kv x 1,156<\/p>\n<table>\n<thead>\n<tr>\n<th>calibre<\/th>\n<th>DN15<\/th>\n<th>DN20<\/th>\n<th>DN25<\/th>\n<th>DN32 DN40<\/th>\n<th>DN50<\/th>\n<th>DN65<\/th>\n<th>DN80<\/th>\n<th>DN100<\/th>\n<th>DN125<\/th>\n<th>DN150<\/th>\n<th>DN200<\/th>\n<\/tr>\n<\/thead>\n<tbody>\n<tr>\n<td>Di\u00e1metros de los orificios 0,8, 1,6 y 3 mm<\/td>\n<td>5<\/td>\n<td>8<\/td>\n<td>13<\/td>\n<td>22<\/td>\n<td>29<\/td>\n<td>46<\/td>\n<td>72<\/td>\n<td>103<\/td>\n<td>155<\/td>\n<td>237<\/td>\n<td>340<\/td>\n<\/tr>\n<tr>\n<td>Malla 40 y 100<\/td>\n<td>5<\/td>\n<td>8<\/td>\n<td>13<\/td>\n<td>22<\/td>\n<td>29<\/td>\n<td>46<\/td>\n<td>72<\/td>\n<td>103<\/td>\n<td>155<\/td>\n<td>237<\/td>\n<td>340<\/td>\n<\/tr>\n<tr>\n<td>Malla 200<\/td>\n<td>4<\/td>\n<td>6<\/td>\n<td>10<\/td>\n<td>17<\/td>\n<td>23<\/td>\n<td>37<\/td>\n<td>58<\/td>\n<td>83<\/td>\n<td>124<\/td>\n<td>186<\/td>\n<td>268<\/td>\n<\/tr>\n<\/tbody>\n<\/table>\n<h3>Peso (aproximado)<\/h3>\n<table>\n<thead>\n<tr>\n<th>calibre<\/th>\n<th>Peso (kg)<\/th>\n<\/tr>\n<\/thead>\n<tbody>\n<tr>\n<td>DN15<\/td>\n<td>2.5<\/td>\n<\/tr>\n<tr>\n<td>DN20<\/td>\n<td>4.5<\/td>\n<\/tr>\n<tr>\n<td>DN25<\/td>\n<td>5.0<\/td>\n<\/tr>\n<tr>\n<td>DN32<\/td>\n<td>10.0<\/td>\n<\/tr>\n<tr>\n<td>DN40<\/td>\n<td>12.0<\/td>\n<\/tr>\n<tr>\n<td>DN50<\/td>\n<td>16.5<\/td>\n<\/tr>\n<tr>\n<td>DN65<\/td>\n<td>23.0<\/td>\n<\/tr>\n<tr>\n<td>DN80<\/td>\n<td>35.6<\/td>\n<\/tr>\n<tr>\n<td>DN100<\/td>\n<td>38.5<\/td>\n<\/tr>\n<tr>\n<td>DN125<\/td>\n<td>76.0<\/td>\n<\/tr>\n<tr>\n<td>DN150<\/td>\n<td>109.0<\/td>\n<\/tr>\n<tr>\n<td>DN200<\/td>\n<td>144.0<\/td>\n<\/tr>\n<\/tbody>\n<\/table>\n<h3>Informaci\u00f3n sobre seguridad, instalaci\u00f3n y mantenimiento<\/h3>\n<p>Consulte la Gu\u00eda de instalaci\u00f3n y mantenimiento (IM-S60-18) suministrada con el producto para obtener informaci\u00f3n detallada.<\/p>\n<ol>\n<li><strong>Consejos de instalaci\u00f3n<\/strong>: Los filtros deben instalarse horizontalmente en la direcci\u00f3n del flujo en la carcasa. Cuando se utilicen en tuber\u00edas horizontales para vapor o gas, el cuerpo del filtro debe mantenerse en un plano horizontal; en sistemas de l\u00edquidos, el cuerpo de la v\u00e1lvula debe estar en posici\u00f3n vertical descendente. Para facilitar el mantenimiento y la sustituci\u00f3n, deben instalarse v\u00e1lvulas de cierre adecuadas antes y despu\u00e9s del filtro.<\/li>\n<li><strong>Consejos de mantenimiento<\/strong>El mantenimiento del filtro puede realizarse directamente en la tuber\u00eda. Al realizar el mantenimiento, se recomienda utilizar juntas y piezas de repuesto nuevas.<\/li>\n<li><strong>advertencias<\/strong>En la junta de la tapa del filtro hay un fino anillo de soporte de acero inoxidable que se retira con cuidado.<\/li>\n<li><strong>ocuparse de<\/strong>Este producto es reciclable y no da\u00f1a el medio ambiente si se elimina correctamente.<\/li>\n<\/ol>\n<h3>Realizar un pedido<\/h3>\n<p>Ejemplo: filtro 1-Spirax Sarco DN 32 Fig 36, conexi\u00f3n de brida BS 4504 PN 40, malla de acero inoxidable de 0,8 mm de tama\u00f1o de poro.<\/p>\n<p><!-- \u6280\u672f\u8d44\u6599\u4e0b\u8f7d\u533a\u5757 --><\/p>\n<div class=\"valve-documents\">\n<h3 class=\"doc-title\">Descarga de datos t\u00e9cnicos<\/h3>\n<div class=\"doc-links\">\n<a href=\"https:\/\/doc.shopvalves.com\/TI-P160-02-Chinese.pdf\" class=\"doc-link\" target=\"_blank\">TI-P160-02-Chinese.pdf<\/a>    <\/div>\n<\/div>","protected":false},"excerpt":{"rendered":"<p>Spirax Sarco Fig36 colador de acero inoxidable austen\u00edtico, una brida integral, colador en forma de Y. Filtro de acero inoxidable est\u00e1ndar: di...<\/p>","protected":false},"featured_media":3255,"template":"","meta":{"_kadence_starter_templates_imported_post":false,"_kad_post_transparent":"default","_kad_post_title":"","_kad_post_layout":"default","_kad_post_sidebar_id":"","_kad_post_content_style":"default","_kad_post_vertical_padding":"default","_kad_post_feature":"","_kad_post_feature_position":"","_kad_post_header":false,"_kad_post_footer":false},"product_brand":[24],"product_cat":[55,83],"product_tag":[],"class_list":{"0":"post-3121","1":"product","2":"type-product","3":"status-publish","4":"has-post-thumbnail","6":"product_brand-spirax-sarco","7":"product_cat-pipeline-ancillaries","8":"product_cat-strainers-and-filters","10":"first","11":"instock","12":"shipping-taxable","13":"product-type-simple","14":"entry","15":"content-bg","16":"loop-entry"},"_links":{"self":[{"href":"https:\/\/www.shopvalves.com\/es\/wp-json\/wp\/v2\/product\/3121","targetHints":{"allow":["GET"]}}],"collection":[{"href":"https:\/\/www.shopvalves.com\/es\/wp-json\/wp\/v2\/product"}],"about":[{"href":"https:\/\/www.shopvalves.com\/es\/wp-json\/wp\/v2\/types\/product"}],"wp:featuredmedia":[{"embeddable":true,"href":"https:\/\/www.shopvalves.com\/es\/wp-json\/wp\/v2\/media\/3255"}],"wp:attachment":[{"href":"https:\/\/www.shopvalves.com\/es\/wp-json\/wp\/v2\/media?parent=3121"}],"wp:term":[{"taxonomy":"product_brand","embeddable":true,"href":"https:\/\/www.shopvalves.com\/es\/wp-json\/wp\/v2\/product_brand?post=3121"},{"taxonomy":"product_cat","embeddable":true,"href":"https:\/\/www.shopvalves.com\/es\/wp-json\/wp\/v2\/product_cat?post=3121"},{"taxonomy":"product_tag","embeddable":true,"href":"https:\/\/www.shopvalves.com\/es\/wp-json\/wp\/v2\/product_tag?post=3121"}],"curies":[{"name":"wp","href":"https:\/\/api.w.org\/{rel}","templated":true}]}}