{"id":3127,"date":"2025-03-18T09:12:01","date_gmt":"2025-03-18T01:12:01","guid":{"rendered":"https:\/\/www.shopvalves.com\/product\/spirax-sarco-smc32-and-smc32y-carbon-steel-bimetallic-steam-traps\/"},"modified":"2026-03-24T11:08:22","modified_gmt":"2026-03-24T03:08:22","slug":"spirax-sarco-smc32-and-smc32y-carbon-steel-bimetallic-steam-traps","status":"publish","type":"product","link":"https:\/\/www.shopvalves.com\/es\/producto\/spirax-sarco-smc32-and-smc32y-carbon-steel-bimetallic-steam-traps\/","title":{"rendered":"Spirax Sarco SMC32 SMC32Y Trampa de vapor bimet\u00e1lica de acero al carbono"},"content":{"rendered":"<p>Los purgadores de vapor bimet\u00e1licos SMC32 y SMC32Y de Spirax Sarco en acero al carbono son conexiones en l\u00ednea recta, de acero al carbono, reparables. El SMC32 tiene un filtro plano incorporado y el SMC32Y tiene un filtro en 'Y' incorporado. Todos los componentes presurizados son suministrados por proveedores certificados por T\u00dcV y se fabrican de acuerdo con AD-Merkblatt WO\/TRD100.<\/p>\n<h3>norma<\/h3>\n<p>Este producto cumple la Directiva europea sobre equipos a presi\u00f3n 97\/23\/CE.<\/p>\n<h3>certificados<\/h3>\n<p>Este producto puede suministrarse con un certificado de materiales EN 10204 3.1, especifique en el pedido si necesita un certificado.<\/p>\n<h3>Calibre y conexiones de tuber\u00edas<\/h3>\n<ul>\n<li>Conexi\u00f3n roscada de \u00bd\", \u00be\", 1\" BSP o NPT.<\/li>\n<li>Soldadura por encastre de \u00bd\", \u00be\", 1\" BS 3799.<\/li>\n<li>Soldadura a tope de \u00bd\", \u00be\", 1\" EN 12 627.<\/li>\n<li>Conexiones de brida DN15, 20 y 25 EN 1092 PN40.<\/li>\n<li>ANSI B 16.5 Clase 150 y 300, JIS\/KS 10K y JIS\/KS 20K.<\/li>\n<\/ul>\n<h3>Alcance del trabajo<\/h3>\n<ul>\n<li>Este producto tiene una limitaci\u00f3n espec\u00edfica de \u00e1rea de trabajo y no debe utilizarse m\u00e1s all\u00e1 del \u00e1rea especificada, ya que de lo contrario podr\u00edan da\u00f1arse las piezas internas.<\/li>\n<li>Los distintos tipos de conexi\u00f3n corresponden a diferentes rangos de funcionamiento, como rosca A-B, soldadura por encastre, soldadura a tope y brida ANSI 300.<\/li>\n<li>Las condiciones de dise\u00f1o del cuerpo de la v\u00e1lvula son PN40 con los siguientes par\u00e1metros:<\/li>\n<\/ul>\n<table>\n<thead>\n<tr>\n<th>evento deportivo<\/th>\n<th>valor num\u00e9rico<\/th>\n<\/tr>\n<\/thead>\n<tbody>\n<tr>\n<td>Presi\u00f3n m\u00e1xima admisible de PMA<\/td>\n<td>50 bar g@50 \u00b0C<\/td>\n<\/tr>\n<tr>\n<td>TMA Temperatura m\u00e1xima admisible<\/td>\n<td>400 \u00b0C @35 bar g<\/td>\n<\/tr>\n<tr>\n<td>Temperatura m\u00ednima admisible<\/td>\n<td>-60 \u00b0C<\/td>\n<\/tr>\n<tr>\n<td>Presi\u00f3n m\u00e1xima de servicio a vapor saturado PMO<\/td>\n<td>32 bar g<\/td>\n<\/tr>\n<tr>\n<td>TMO Temperatura m\u00e1xima de funcionamiento<\/td>\n<td>350 \u00b0C @32 bar g<\/td>\n<\/tr>\n<tr>\n<td>Temperatura m\u00ednima de trabajo<\/td>\n<td>0 \u00b0C<\/td>\n<\/tr>\n<tr>\n<td>Presi\u00f3n m\u00e1xima de ensayo del agua fr\u00eda<\/td>\n<td>75 bar g<\/td>\n<\/tr>\n<\/tbody>\n<\/table>\n<h3>material (del que est\u00e1 hecho algo)<\/h3>\n<table>\n<thead>\n<tr>\n<th>n\u00famero de serie<\/th>\n<th>car\u00e1cter radical<\/th>\n<th>material (del que est\u00e1 hecho algo)<\/th>\n<\/tr>\n<\/thead>\n<tbody>\n<tr>\n<td>1<\/td>\n<td>cap\u00f3s<\/td>\n<td>Acero al carbono DIN 17243 C22.8 (W\/S 1.0460) ASTM A105N<\/td>\n<\/tr>\n<tr>\n<td>2<\/td>\n<td>elemento bimet\u00e1lico<\/td>\n<td>Acero inoxidable y bimet\u00e1lico resistente a la corrosi\u00f3n Tipo H46<\/td>\n<\/tr>\n<tr>\n<td>3<\/td>\n<td>asiento de v\u00e1lvula<\/td>\n<td>Acero inoxidable BS 970 431 S29<\/td>\n<\/tr>\n<tr>\n<td>4<\/td>\n<td>contratuerca<\/td>\n<td>aceros inoxidables<\/td>\n<\/tr>\n<tr>\n<td>5<\/td>\n<td>filtro<\/td>\n<td>Acero inoxidable AISI 304<\/td>\n<\/tr>\n<tr>\n<td>6<\/td>\n<td>Carrete<\/td>\n<td>aceros inoxidables<\/td>\n<\/tr>\n<tr>\n<td>7<\/td>\n<td>Junta del bonete<\/td>\n<td>Grafito en escamas reforzado con acero inoxidable<\/td>\n<\/tr>\n<tr>\n<td>8<\/td>\n<td>cuerpo de la v\u00e1lvula<\/td>\n<td>Acero al carbono DIN 17243 C22.8 (W\/S 1.0460) ASTM A105N<\/td>\n<\/tr>\n<tr>\n<td>9<\/td>\n<td>Junta del bonete<\/td>\n<td>Acero inoxidable (M10 x 30) A2-70<\/td>\n<\/tr>\n<tr>\n<td>10<\/td>\n<td>Tapas de filtro<\/td>\n<td>Acero al carbono DIN 17243 C22.8 (W\/S 1.0460) ASTM A105N<\/td>\n<\/tr>\n<tr>\n<td>11<\/td>\n<td>Junta de la tapa del filtro<\/td>\n<td>Acero inoxidable BS 1449 304 S16<\/td>\n<\/tr>\n<\/tbody>\n<\/table>\n<h3>Peso (aproximado)<\/h3>\n<table>\n<thead>\n<tr>\n<th>n\u00famero de modelo<\/th>\n<th>calibre<\/th>\n<th>Peso roscado\/soldado (kg)<\/th>\n<th>Peso de la brida (kg)<\/th>\n<\/tr>\n<\/thead>\n<tbody>\n<tr>\n<td>SMC32<\/td>\n<td>\u00bd\" DN15<\/td>\n<td>1.7<\/td>\n<td>3.1<\/td>\n<\/tr>\n<tr>\n<td>SMC32<\/td>\n<td>\u00be\"DN20<\/td>\n<td>1.7<\/td>\n<td>3.7<\/td>\n<\/tr>\n<tr>\n<td>SMC32<\/td>\n<td>1\" DN25<\/td>\n<td>1.8<\/td>\n<td>4.4<\/td>\n<\/tr>\n<tr>\n<td>SMC32Y<\/td>\n<td>\u00bd\" DN15<\/td>\n<td>1.7<\/td>\n<td>3.1<\/td>\n<\/tr>\n<tr>\n<td>SMC32Y<\/td>\n<td>\u00be\"DN20<\/td>\n<td>1.7<\/td>\n<td>3.7<\/td>\n<\/tr>\n<tr>\n<td>SMC32Y<\/td>\n<td>1 \"DN25<\/td>\n<td>2.8<\/td>\n<td>4.4<\/td>\n<\/tr>\n<\/tbody>\n<\/table>\n<h3>Informaci\u00f3n sobre seguridad, instalaci\u00f3n y mantenimiento<\/h3>\n<p>Para m\u00e1s detalles, consulte la Gu\u00eda de instalaci\u00f3n y mantenimiento (IM-P076-09) suministrada con el producto.<\/p>\n<h3>Consejos de instalaci\u00f3n<\/h3>\n<ul>\n<li>El SMC32 y el SMC32Y pueden montarse en cualquier posici\u00f3n, horizontal o vertical.<\/li>\n<li>Cuando el condensado se descarga a una l\u00ednea de recuperaci\u00f3n de condensado con contrapresi\u00f3n, se recomienda instalar una v\u00e1lvula de retenci\u00f3n despu\u00e9s del purgador.<\/li>\n<li>Cuando el condensado se vierte a la atm\u00f3sfera, se recomienda instalar un silenciador.<\/li>\n<li>Para facilitar el mantenimiento, se recomienda instalar v\u00e1lvulas de globo antes y despu\u00e9s del purgador. El aumento de la contrapresi\u00f3n reducir\u00e1 la temperatura de descarga del condensado. Para m\u00e1s informaci\u00f3n, p\u00f3ngase en contacto con Spirax.<\/li>\n<\/ul>\n<h3>tratar con<\/h3>\n<p>Este producto es reciclable y no causa problemas ecol\u00f3gicos si se elimina correctamente.<\/p>\n<h3>Instrucciones de pedido<\/h3>\n<p>Ejemplo: 1-Spirax Sarco \u00bd\" SMC32 Purgador de Vapor Bimet\u00e1lico Reparable, Acero al Carbono, Colador Incorporado, Conexi\u00f3n Roscada BSP.<\/p>\n<p><img fetchpriority=\"high\" decoding=\"async\" src=\"https:\/\/www.shopvalves.com\/wp-content\/uploads\/2025\/03\/img_5-2.png\" alt=\"Spirax Sarco SMC32 SMC32Y Trampa de Vapor Bimet\u00e1lica en Acero al Carbono - Diagramas\" width=\"680\" height=\"916\" class=\"alignnone size-full wp-image-5224\" srcset=\"https:\/\/www.shopvalves.com\/wp-content\/uploads\/2025\/03\/img_5-2.png 680w, https:\/\/www.shopvalves.com\/wp-content\/uploads\/2025\/03\/img_5-2-223x300.png 223w, https:\/\/www.shopvalves.com\/wp-content\/uploads\/2025\/03\/img_5-2-9x12.png 9w, https:\/\/www.shopvalves.com\/wp-content\/uploads\/2025\/03\/img_5-2-600x808.png 600w\" sizes=\"(max-width: 680px) 100vw, 680px\" \/><\/p>\n<p><!-- \u6280\u672f\u8d44\u6599\u4e0b\u8f7d\u533a\u5757 --><\/p>\n<div class=\"valve-documents\">\n<h3 class=\"doc-title\">Descarga de datos t\u00e9cnicos<\/h3>\n<div class=\"doc-links\">\n<a href=\"https:\/\/doc.shopvalves.com\/SMC32-IM-P076-09-EN.pdf\" class=\"doc-link\" target=\"_blank\">SMC32-IM-P076-09-EN.pdf<\/a><br \/><a href=\"https:\/\/doc.shopvalves.com\/SMC32-TI-P076-10-EN.pdf\" class=\"doc-link\" target=\"_blank\">SMC32-TI-P076-10-EN.pdf<\/a><br \/><a href=\"https:\/\/doc.shopvalves.com\/SMC32_SMC32F_SMC32Y_and_SMC32YF-IM-P076-09-ZH.pdf\" class=\"doc-link\" target=\"_blank\">SMC32_SMC32F_SMC32Y_and_SMC32YF-IM-P076-09-ZH.pdf<\/a><br \/><a href=\"https:\/\/doc.shopvalves.com\/TI-P076-10-Chinese.pdf\" class=\"doc-link\" target=\"_blank\">TI-P076-10-Chinese.pdf<\/a>    <\/div>\n<\/div>","protected":false},"excerpt":{"rendered":"<p>Los purgadores de vapor bimet\u00e1licos Spirax Sarco SMC32 y SMC32Y de acero al carbono son...<\/p>","protected":false},"featured_media":5221,"template":"","meta":{"_kadence_starter_templates_imported_post":false,"_kad_post_transparent":"default","_kad_post_title":"","_kad_post_layout":"default","_kad_post_sidebar_id":"","_kad_post_content_style":"default","_kad_post_vertical_padding":"default","_kad_post_feature":"","_kad_post_feature_position":"","_kad_post_header":false,"_kad_post_footer":false},"product_brand":[24],"product_cat":[68,56],"product_tag":[57,65],"class_list":{"0":"post-3127","1":"product","2":"type-product","3":"status-publish","4":"has-post-thumbnail","6":"product_brand-spirax-sarco","7":"product_cat-bimetallic-steam-traps","8":"product_cat-steam-traps","9":"product_tag-spiraxsarco-traps","10":"product_tag-spiraxsarco-valves","12":"first","13":"instock","14":"shipping-taxable","15":"purchasable","16":"product-type-variable","17":"entry","18":"content-bg","19":"loop-entry"},"_links":{"self":[{"href":"https:\/\/www.shopvalves.com\/es\/wp-json\/wp\/v2\/product\/3127","targetHints":{"allow":["GET"]}}],"collection":[{"href":"https:\/\/www.shopvalves.com\/es\/wp-json\/wp\/v2\/product"}],"about":[{"href":"https:\/\/www.shopvalves.com\/es\/wp-json\/wp\/v2\/types\/product"}],"wp:featuredmedia":[{"embeddable":true,"href":"https:\/\/www.shopvalves.com\/es\/wp-json\/wp\/v2\/media\/5221"}],"wp:attachment":[{"href":"https:\/\/www.shopvalves.com\/es\/wp-json\/wp\/v2\/media?parent=3127"}],"wp:term":[{"taxonomy":"product_brand","embeddable":true,"href":"https:\/\/www.shopvalves.com\/es\/wp-json\/wp\/v2\/product_brand?post=3127"},{"taxonomy":"product_cat","embeddable":true,"href":"https:\/\/www.shopvalves.com\/es\/wp-json\/wp\/v2\/product_cat?post=3127"},{"taxonomy":"product_tag","embeddable":true,"href":"https:\/\/www.shopvalves.com\/es\/wp-json\/wp\/v2\/product_tag?post=3127"}],"curies":[{"name":"wp","href":"https:\/\/api.w.org\/{rel}","templated":true}]}}