{"id":3451,"date":"2025-03-29T11:06:42","date_gmt":"2025-03-29T03:06:42","guid":{"rendered":"https:\/\/www.shopvalves.com\/?post_type=product&#038;p=3451"},"modified":"2026-03-24T10:59:07","modified_gmt":"2026-03-24T02:59:07","slug":"spirax-sarco-srv461s-and-srv463s-stainless-steel-direct-acting-pressure-reducing-valves","status":"publish","type":"product","link":"https:\/\/www.shopvalves.com\/es\/producto\/spirax-sarco-srv461s-and-srv463s-stainless-steel-direct-acting-pressure-reducing-valves\/","title":{"rendered":"V\u00e1lvulas reductoras de presi\u00f3n de acci\u00f3n directa de acero inoxidable Spirax Sarco SRV461 y SRV463"},"content":{"rendered":"<p>V\u00e1lvulas reductoras de presi\u00f3n de acci\u00f3n directa de acero inoxidable Spirax Sarco SRV461 y SRV463 Todas las piezas en contacto con el medio son uniformemente de acero inoxidable AISI 316L\/1.4404, 1.4408 y 1.4462. Las aplicaciones son para vapor, l\u00edquidos y gases. Las aplicaciones t\u00edpicas incluyen: vapor limpio, gases y l\u00edquidos para centrifugadoras, liofilizadores, esterilizadores, autoclaves, tanques de proceso, humidificadores y equipos de cocina.<\/p>\n<table>\n<thead>\n<tr>\n<th>MPN<\/th>\n<th>descripciones<\/th>\n<\/tr>\n<\/thead>\n<tbody>\n<tr>\n<td>1862463<\/td>\n<td>srv463 dn25 pn40 0,02 - 0,12 barg<\/td>\n<\/tr>\n<tr>\n<td>1862793<\/td>\n<td>srv463 dn25 pn40 0,8 - 2,5 barg<\/td>\n<\/tr>\n<tr>\n<td>1862863<\/td>\n<td>srv463 dn25 pn40 2 - 5 barg<\/td>\n<\/tr>\n<tr>\n<td>1862963<\/td>\n<td>srv463 dn25 pn40 4 - 8 barg<\/td>\n<\/tr>\n<tr>\n<td>1863063<\/td>\n<td>srv463 dn25 pn40 6 - 12 barg<\/td>\n<\/tr>\n<\/tbody>\n<\/table>\n<h3>Calibre y conexiones de tuber\u00edas<\/h3>\n<table>\n<thead>\n<tr>\n<th>SRV461<\/th>\n<th>Roscas BSP de \u00bd\", \u00be\", 1\", 1\u00bc\", 1\u00bd\" y 2<\/th>\n<\/tr>\n<\/thead>\n<tbody>\n<tr>\n<td>SRV463<\/td>\n<td>Bridas DN15, DN20, DN25, DN32, DN40 y DN50 EN 1092 PN40<\/td>\n<\/tr>\n<tr>\n<td>*Para otras conexiones, consulte Spirax Sarco.<\/td>\n<td><\/td>\n<\/tr>\n<\/tbody>\n<\/table>\n<h3>L\u00edmites de presi\u00f3n\/temperatura<\/h3>\n<table>\n<thead>\n<tr>\n<th>Condiciones de dise\u00f1o del cuerpo de la v\u00e1lvula<\/th>\n<th>PN40<\/th>\n<\/tr>\n<\/thead>\n<tbody>\n<tr>\n<td>Presi\u00f3n m\u00e1xima de dise\u00f1o<\/td>\n<td>38 bar g @ 38 \u00b0C<\/td>\n<\/tr>\n<tr>\n<td>Temperatura m\u00e1xima de dise\u00f1o<\/td>\n<td>300 \u00b0C @ 23,2 bar g<\/td>\n<\/tr>\n<tr>\n<td>Temperatura m\u00ednima de dise\u00f1o<\/td>\n<td>-10 \u00b0C<\/td>\n<\/tr>\n<tr>\n<td>Temperatura m\u00e1xima de funcionamiento vapor<\/td>\n<td>190 \u00b0C @ 10,9 bar g<\/td>\n<\/tr>\n<tr>\n<td>L\u00edquidos y gases<\/td>\n<td>130 \u00b0C @ 30 bar g<\/td>\n<\/tr>\n<tr>\n<td>Temperatura m\u00ednima de funcionamiento Nota: Por debajo de esta temperatura, consulte a Spirax Sarco<\/td>\n<td>-10 \u00b0C<\/td>\n<\/tr>\n<tr>\n<td>Diferencia de presi\u00f3n m\u00e1xima<\/td>\n<td>Tabla de referencia de las relaciones de descompresi\u00f3n admisibles<\/td>\n<\/tr>\n<tr>\n<td>Presi\u00f3n m\u00e1xima de prueba hidrost\u00e1tica en fr\u00edo<\/td>\n<td>60 bar g<\/td>\n<\/tr>\n<\/tbody>\n<\/table>\n<h3>Relaci\u00f3n de reducci\u00f3n de presi\u00f3n admisible (m\u00e1x. P1 \/ P2)<\/h3>\n<table>\n<thead>\n<tr>\n<th>Rango de ajuste (bar g)<\/th>\n<th>Di\u00e1metro nominal<\/th>\n<th><\/th>\n<\/tr>\n<\/thead>\n<tbody>\n<tr>\n<td>G\u00bd\" - 1\" DN15 - DN25<\/td>\n<td>G1\u00bc\" - 2\" DN32 - DN50<\/td>\n<td><\/td>\n<\/tr>\n<tr>\n<td>0.02 - 0.12<\/td>\n<td>80:1<\/td>\n<td>50:1<\/td>\n<\/tr>\n<tr>\n<td>0.10 - 0.50<\/td>\n<td>40:1<\/td>\n<td>25:1<\/td>\n<\/tr>\n<tr>\n<td>0.30 - 1.10<\/td>\n<td>30:1<\/td>\n<td>18:1<\/td>\n<\/tr>\n<tr>\n<td>0.80 - 12.00<\/td>\n<td>20:1<\/td>\n<td>12:1<\/td>\n<\/tr>\n<\/tbody>\n<\/table>\n<h3>material (del que est\u00e1 hecho algo)<\/h3>\n<table>\n<thead>\n<tr>\n<th>N\u00ba de serie Pieza<\/th>\n<th>material (del que est\u00e1 hecho algo)<\/th>\n<th>Werkstoff n\u00ba 1<\/th>\n<th>Especificaciones AISI correspondientes<\/th>\n<\/tr>\n<\/thead>\n<tbody>\n<tr>\n<td>1 Cuerpo de la v\u00e1lvula<\/td>\n<td>aceros inoxidables<\/td>\n<td>1.4404<\/td>\n<td>316L<\/td>\n<\/tr>\n<tr>\n<td>2 C\u00e1mara de muelles<\/td>\n<td>aceros inoxidables<\/td>\n<td>1.4404<\/td>\n<td>316L<\/td>\n<\/tr>\n<tr>\n<td>3 Tapa superior<\/td>\n<td>aceros inoxidables<\/td>\n<td>1.4571<\/td>\n<td>316Ti<\/td>\n<\/tr>\n<tr>\n<td>4 plazas<\/td>\n<td>aceros inoxidables<\/td>\n<td>1.4404<\/td>\n<td>316L<\/td>\n<\/tr>\n<tr>\n<td>5 carretes<\/td>\n<td>aceros inoxidables<\/td>\n<td>1.4404<\/td>\n<td>316L<\/td>\n<\/tr>\n<tr>\n<td>6 Diafragmas<\/td>\n<td>EPDM<\/td>\n<td><\/td>\n<td><\/td>\n<\/tr>\n<tr>\n<td>7 'O<\/td>\n<td>EPDM<\/td>\n<td><\/td>\n<td><\/td>\n<\/tr>\n<tr>\n<td>8 'O<\/td>\n<td>EPDM<\/td>\n<td><\/td>\n<td><\/td>\n<\/tr>\n<tr>\n<td>9 'O<\/td>\n<td>EPDM<\/td>\n<td><\/td>\n<td><\/td>\n<\/tr>\n<tr>\n<td>10 Pist\u00f3n<\/td>\n<td>aceros inoxidables<\/td>\n<td>1.4571<\/td>\n<td>316Ti<\/td>\n<\/tr>\n<tr>\n<td>11 Soporte muelle superior<\/td>\n<td>aceros inoxidables<\/td>\n<td>1.4571<\/td>\n<td>316Ti<\/td>\n<\/tr>\n<tr>\n<td>12 Primavera<\/td>\n<td>aceros inoxidables<\/td>\n<td>1.4310<\/td>\n<td>301*<\/td>\n<\/tr>\n<tr>\n<td>13 Tornillos de ajuste<\/td>\n<td>aceros inoxidables<\/td>\n<td>1.4404<\/td>\n<td>316L<\/td>\n<\/tr>\n<tr>\n<td>14 Anillo de bloqueo<\/td>\n<td>aceros inoxidables<\/td>\n<td>Serie AISI 300<\/td>\n<td><\/td>\n<\/tr>\n<tr>\n<td>15 Brida<\/td>\n<td>aceros inoxidables<\/td>\n<td>1.4404<\/td>\n<td>316L<\/td>\n<\/tr>\n<tr>\n<td>16 Junta blanda<\/td>\n<td>FEPM<\/td>\n<td><\/td>\n<td><\/td>\n<\/tr>\n<tr>\n<td>17 Abrazaderas de muelle<\/td>\n<td>aceros inoxidables<\/td>\n<td>1.4301<\/td>\n<td>304<\/td>\n<\/tr>\n<tr>\n<td>No es directamente equivalente, s\u00f3lo la especificaci\u00f3n AISI m\u00e1s cercana dada. Para aplicaciones de hidrocarburos, hay disponibles carretes y diafragmas de junta blanda FPM.<\/td>\n<td><\/td>\n<td><\/td>\n<td><\/td>\n<\/tr>\n<\/tbody>\n<\/table>\n<h3>Peso (aproximado) kg<\/h3>\n<table>\n<thead>\n<tr>\n<th>1\/2\"-1\"<\/th>\n<th>13.5<\/th>\n<th>7.1<\/th>\n<th>6.1<\/th>\n<th>3.1<\/th>\n<th>3.1<\/th>\n<\/tr>\n<\/thead>\n<tbody>\n<tr>\n<td>DN15 - DN25 (brida)<\/td>\n<td>15.3<\/td>\n<td>8.9<\/td>\n<td>7.9<\/td>\n<td>4.9<\/td>\n<td>4.9<\/td>\n<\/tr>\n<tr>\n<td>11\/4-2\"<\/td>\n<td>14.4<\/td>\n<td>8.0<\/td>\n<td>7.0<\/td>\n<td>4.0<\/td>\n<td>4.0<\/td>\n<\/tr>\n<tr>\n<td>DN32 - DN50 (brida)<\/td>\n<td>18.4<\/td>\n<td>12.0<\/td>\n<td>11.0<\/td>\n<td>8.0<\/td>\n<td>8.0<\/td>\n<\/tr>\n<\/tbody>\n<\/table>\n<h3>Valor Kv<\/h3>\n<table>\n<thead>\n<tr>\n<th>calibre<\/th>\n<th>1\/2\"<\/th>\n<th>3\/4\"<\/th>\n<th>1\"<\/th>\n<th>11\/4\" DN32<\/th>\n<th>11\/2\" DN40<\/th>\n<th>2\"<\/th>\n<\/tr>\n<\/thead>\n<tbody>\n<tr>\n<td>Valor Kv en la desviaci\u00f3n 20%<\/td>\n<td>4.0<\/td>\n<td>5.6<\/td>\n<td>6.4<\/td>\n<td>17.6<\/td>\n<td>17.6<\/td>\n<td>17.6<\/td>\n<\/tr>\n<tr>\n<td>Kv m\u00e1ximo<\/td>\n<td>5.0<\/td>\n<td>7.0<\/td>\n<td>8.0<\/td>\n<td>22.0<\/td>\n<td>22.0<\/td>\n<td>22.0<\/td>\n<\/tr>\n<tr>\n<td>Para que la selecci\u00f3n de la v\u00e1lvula garantice la m\u00e1xima precisi\u00f3n de control (especialmente para grandes cambios de carga), utilice el valor Kv en la desviaci\u00f3n 20%. Utilice el valor m\u00e1ximo de Kv para la selecci\u00f3n de la v\u00e1lvula de seguridad. Fuga \u2264 0,05% valor diel\u00e9ctrico m\u00e1ximo.<\/td>\n<td><\/td>\n<td><\/td>\n<td><\/td>\n<td><\/td>\n<td><\/td>\n<td><\/td>\n<\/tr>\n<\/tbody>\n<\/table>\n<h3>Caudal de fluido recomendado<\/h3>\n<table>\n<thead>\n<tr>\n<th>vapor<\/th>\n<th>10-40 m\/s<\/th>\n<th>15-60 m\/s<\/th>\n<\/tr>\n<\/thead>\n<tbody>\n<tr>\n<td>gas (sustancia gaseosa)<\/td>\n<td>Hasta 2 bar: 2 - 10 m\/s; &gt; 2 barg: 5 - 40 m\/s<\/td>\n<td><\/td>\n<\/tr>\n<tr>\n<td>fluidos<\/td>\n<td>1-5m\/s<\/td>\n<td><\/td>\n<\/tr>\n<\/tbody>\n<\/table>\n<h3>Informaci\u00f3n sobre seguridad, instalaci\u00f3n y mantenimiento<\/h3>\n<p>Con el producto se suministra una gu\u00eda detallada de instalaci\u00f3n y mantenimiento (IM-P186-02).<br \/>\nNota: Cuando se utiliza para vapor, la c\u00e1mara del muelle est\u00e1 situada debajo de la tuber\u00eda. Tambi\u00e9n se requiere una tuber\u00eda de detecci\u00f3n de presi\u00f3n aguas abajo.<\/p>\n<h3>Instrucciones de pedido<\/h3>\n<p>Ejemplo:1-BSP V\u00e1lvula reductora de presi\u00f3n Spirax Sarco SRV461, \u00bd\", rango de presi\u00f3n 0,8-2,5 bar.<\/p>\n<p><!-- \u6280\u672f\u8d44\u6599\u4e0b\u8f7d\u533a\u5757 --><\/p>\n<div class=\"valve-documents\">\n<h3 class=\"doc-title\">Descarga de datos t\u00e9cnicos<\/h3>\n<div class=\"doc-links\">\n<a href=\"https:\/\/doc.shopvalves.com\/TI-P186-01CN-Chinese.pdf\" class=\"doc-link\" target=\"_blank\">TI-P186-01CN-Chinese.pdf<\/a>    <\/div>\n<\/div>","protected":false},"excerpt":{"rendered":"<p>V\u00e1lvulas reductoras de presi\u00f3n de acci\u00f3n directa de acero inoxidable Spirax Sarco SRV461 y SRV463 Todas las piezas en contacto con el medio est\u00e1n uniformemente AI...<\/p>","protected":false},"featured_media":4871,"template":"","meta":{"_kadence_starter_templates_imported_post":false,"_kad_post_transparent":"default","_kad_post_title":"","_kad_post_layout":"default","_kad_post_sidebar_id":"","_kad_post_content_style":"default","_kad_post_vertical_padding":"default","_kad_post_feature":"","_kad_post_feature_position":"","_kad_post_header":false,"_kad_post_footer":false},"product_brand":[24],"product_cat":[103],"product_tag":[58,59,65],"class_list":{"0":"post-3451","1":"product","2":"type-product","3":"status-publish","4":"has-post-thumbnail","6":"product_brand-spirax-sarco","7":"product_cat-pressure-reducing-and-surplussing-valves","8":"product_tag-spiraxsarco-pressure-reducing-valves","9":"product_tag-spiraxsarco-steam-pressure-reducing-valves","10":"product_tag-spiraxsarco-valves","12":"first","13":"instock","14":"sale","15":"shipping-taxable","16":"purchasable","17":"product-type-variable","18":"entry","19":"content-bg","20":"loop-entry"},"_links":{"self":[{"href":"https:\/\/www.shopvalves.com\/es\/wp-json\/wp\/v2\/product\/3451","targetHints":{"allow":["GET"]}}],"collection":[{"href":"https:\/\/www.shopvalves.com\/es\/wp-json\/wp\/v2\/product"}],"about":[{"href":"https:\/\/www.shopvalves.com\/es\/wp-json\/wp\/v2\/types\/product"}],"wp:featuredmedia":[{"embeddable":true,"href":"https:\/\/www.shopvalves.com\/es\/wp-json\/wp\/v2\/media\/4871"}],"wp:attachment":[{"href":"https:\/\/www.shopvalves.com\/es\/wp-json\/wp\/v2\/media?parent=3451"}],"wp:term":[{"taxonomy":"product_brand","embeddable":true,"href":"https:\/\/www.shopvalves.com\/es\/wp-json\/wp\/v2\/product_brand?post=3451"},{"taxonomy":"product_cat","embeddable":true,"href":"https:\/\/www.shopvalves.com\/es\/wp-json\/wp\/v2\/product_cat?post=3451"},{"taxonomy":"product_tag","embeddable":true,"href":"https:\/\/www.shopvalves.com\/es\/wp-json\/wp\/v2\/product_tag?post=3451"}],"curies":[{"name":"wp","href":"https:\/\/api.w.org\/{rel}","templated":true}]}}