{"id":3546,"date":"2025-04-15T20:31:08","date_gmt":"2025-04-15T12:31:08","guid":{"rendered":"https:\/\/www.shopvalves.com\/?post_type=product&#038;p=3546"},"modified":"2026-03-24T10:26:57","modified_gmt":"2026-03-24T02:26:57","slug":"spirax-sarco-fr-20-air-filter-regulator","status":"publish","type":"product","link":"https:\/\/www.shopvalves.com\/es\/producto\/spirax-sarco-fr-20-air-filter-regulator\/","title":{"rendered":"Spirax Sarco FR20A Filtro\/Regulador de Aire Comprimido de Alta Eficacia y Drenaje Autom\u00e1tico"},"content":{"rendered":"<p>El Filtro\/Regulador de Aire Comprimido de Alta Eficacia y Drenaje Autom\u00e1tico FR20A de Spirax Sarco elimina autom\u00e1tica y eficazmente la humedad del aire, proporcionando aire comprimido de alta calidad y un control preciso de la presi\u00f3n del aire comprimido para actuadores neum\u00e1ticos y otras aplicaciones.<\/p>\n<h3>caracter\u00edstica principal<\/h3>\n<ul>\n<li>Dise\u00f1o compacto<\/li>\n<li>V\u00e1lvulas reguladoras de filtro para todas las aplicaciones<\/li>\n<li>El dise\u00f1o de alto rendimiento proporciona caudal y baja ca\u00edda de presi\u00f3n<\/li>\n<li>Bloqueo r\u00e1pido del bot\u00f3n de ajuste<\/li>\n<li>Vaso transparente con rebosadero como opci\u00f3n est\u00e1ndar<\/li>\n<li>Otros modelos disponibles<\/li>\n<\/ul>\n<h3>aparato<\/h3>\n<p>Se utiliza para suministrar aire comprimido de alta calidad. El aire comprimido de alta calidad es necesario para muchas aplicaciones. Las aplicaciones t\u00edpicas incluyen: cojinetes neum\u00e1ticos para maquinaria y equipos, equipos de medici\u00f3n de aire, suministro de aire para instrumentaci\u00f3n, sistemas de fluidos, aire respirable, posicionadores neum\u00e1ticos, etc.<\/p>\n<h3>Caracter\u00edsticas del caudal<\/h3>\n<p>Medio: aire comprimido<br \/>\nPresi\u00f3n m\u00e1xima de entrada: 10 bar g<br \/>\nTemperatura ambiente de funcionamiento: \u00b0C - +50 \u00b0C (cuando la temperatura es inferior a +2 \u00b0C, el aire debe ser lo suficientemente seco para evitar la congelaci\u00f3n)<br \/>\nCartucho: 5\u03bcm<br \/>\nCalidad del aire: ISO 8573-1, clase 3 y clase 5<br \/>\nCaudal (a una presi\u00f3n de entrada de 10 barg, presi\u00f3n establecida): 6,5 dm\u00b3\/s<br \/>\nCaudal t\u00edpico: ninguno<br \/>\nTama\u00f1o del puerto de aire: ISO G1\/4<br \/>\nConexi\u00f3n para man\u00f3metro: 1\/8 ISO RC<br \/>\nRango de ajuste de la presi\u00f3n de salida: 0,3 - 7 bar g<br \/>\nOperaci\u00f3n de drenaje autom\u00e1tico: Cuando se produce un cambio r\u00e1pido en el caudal de aire o cuando cae la presi\u00f3n de suministro de aire, se producir\u00e1 temporalmente un drenaje de tipo espuma pulverizada.<\/p>\n<h3>material (del que est\u00e1 hecho algo)<\/h3>\n<p>Carcasa: aleaci\u00f3n de zinc<br \/>\nCasquete: Acetal<br \/>\nV\u00e1lvula: Cobre\/NBR<br \/>\nTap\u00f3n inferior: Acetal<br \/>\nVaso filtrante: Vaso transparente, policarbonato<br \/>\nCartucho: Polipropileno sinterizado<br \/>\nElast\u00f3mero: NBR<\/p>\n<h3>pesos<\/h3>\n<p>0,26 kg<\/p>\n<p><!-- \u6280\u672f\u8d44\u6599\u4e0b\u8f7d\u533a\u5757 --><\/p>\n<div class=\"valve-documents\">\n<h3 class=\"doc-title\">Descarga de datos t\u00e9cnicos<\/h3>\n<div class=\"doc-links\">\n<a href=\"https:\/\/doc.shopvalves.com\/TI-P054-04CN-Chinese.pdf\" class=\"doc-link\" target=\"_blank\">TI-P054-04CN-Chinese.pdf<\/a>    <\/div>\n<\/div>","protected":false},"excerpt":{"rendered":"<p>El filtro\/regulador de aire comprimido Spirax Sarco FR20A Auto-Drain High Efficiency elimina autom\u00e1tica y eficazmente la humedad del aire para...<\/p>","protected":false},"featured_media":5055,"template":"","meta":{"_kadence_starter_templates_imported_post":false,"_kad_post_transparent":"default","_kad_post_title":"","_kad_post_layout":"default","_kad_post_sidebar_id":"","_kad_post_content_style":"default","_kad_post_vertical_padding":"default","_kad_post_feature":"","_kad_post_feature_position":"","_kad_post_header":false,"_kad_post_footer":false},"product_brand":[24],"product_cat":[102,50],"product_tag":[],"class_list":{"0":"post-3546","1":"product","2":"type-product","3":"status-publish","4":"has-post-thumbnail","6":"product_brand-spirax-sarco","7":"product_cat-positioners-controllers-and-sensors","8":"product_cat-control-systems","10":"first","11":"instock","12":"shipping-taxable","13":"purchasable","14":"product-type-simple","15":"entry","16":"content-bg","17":"loop-entry"},"_links":{"self":[{"href":"https:\/\/www.shopvalves.com\/es\/wp-json\/wp\/v2\/product\/3546","targetHints":{"allow":["GET"]}}],"collection":[{"href":"https:\/\/www.shopvalves.com\/es\/wp-json\/wp\/v2\/product"}],"about":[{"href":"https:\/\/www.shopvalves.com\/es\/wp-json\/wp\/v2\/types\/product"}],"wp:featuredmedia":[{"embeddable":true,"href":"https:\/\/www.shopvalves.com\/es\/wp-json\/wp\/v2\/media\/5055"}],"wp:attachment":[{"href":"https:\/\/www.shopvalves.com\/es\/wp-json\/wp\/v2\/media?parent=3546"}],"wp:term":[{"taxonomy":"product_brand","embeddable":true,"href":"https:\/\/www.shopvalves.com\/es\/wp-json\/wp\/v2\/product_brand?post=3546"},{"taxonomy":"product_cat","embeddable":true,"href":"https:\/\/www.shopvalves.com\/es\/wp-json\/wp\/v2\/product_cat?post=3546"},{"taxonomy":"product_tag","embeddable":true,"href":"https:\/\/www.shopvalves.com\/es\/wp-json\/wp\/v2\/product_tag?post=3546"}],"curies":[{"name":"wp","href":"https:\/\/api.w.org\/{rel}","templated":true}]}}