{"id":3734,"date":"2025-05-14T08:55:30","date_gmt":"2025-05-14T00:55:30","guid":{"rendered":"https:\/\/www.shopvalves.com\/?post_type=product&#038;p=3734"},"modified":"2026-03-24T10:57:50","modified_gmt":"2026-03-24T02:57:50","slug":"spirax-sarco-fts14-flanged","status":"publish","type":"product","link":"https:\/\/www.shopvalves.com\/es\/producto\/spirax-sarco-fts14-flanged\/","title":{"rendered":"Spirax Sarco FTS14 Trampa de Vapor de Flotador de Acero Inoxidable con Material Austen\u00edtico (Conexi\u00f3n de Brida)"},"content":{"rendered":"<p>El purgador de vapor de flotador de acero inoxidable austen\u00edtico FTS14 de Spirax Sarco con v\u00e1lvula de purga de aire autom\u00e1tica incorporada elimina eficazmente el condensado y elimina el aire, garantizando que el equipo de proceso funcione con la m\u00e1xima eficiencia. El FTS14 est\u00e1ndar se instala horizontalmente con una direcci\u00f3n de flujo de derecha a izquierda (R-L), que se puede convertir a una instalaci\u00f3n de izquierda a derecha (L-R) o a una instalaci\u00f3n vertical con una direcci\u00f3n de flujo ascendente o descendente simplemente girando el bonete.<\/p>\n<h3>Normas y certificados<\/h3>\n<ul>\n<li>Cumple la Directiva europea sobre equipos a presi\u00f3n 97\/23\/CE.<\/li>\n<li>Certificado EN 10204 3.1 disponible (especificar en el pedido).<\/li>\n<\/ul>\n<h3>Calibre y conexiones de tuber\u00edas<\/h3>\n<table>\n<thead>\n<tr>\n<th>calibre<\/th>\n<th>m\u00e9todo de conexi\u00f3n<\/th>\n<\/tr>\n<\/thead>\n<tbody>\n<tr>\n<td>\u00bd\", \u00be\" y 1\".<\/td>\n<td>Conexiones roscadas BSP (BS 21 y DIN 2999) o NPT (ANSI B 1.20.1); soldadura por encastre (ANSI B 16.11, BS 3799 Clase 3000 y DIN 3239); conexiones sanitarias de abrazadera.<\/td>\n<\/tr>\n<tr>\n<td>DN 15, 20 y 25<\/td>\n<td>Bridas ANSI B 16.5 150Lb y 300Lb o EN 1092\/PN16\/25<\/td>\n<\/tr>\n<\/tbody>\n<\/table>\n<h3>seleccionable<\/h3>\n<ul>\n<li>Con filtro incorporado (FTS14X).<\/li>\n<li>Adici\u00f3n de una v\u00e1lvula de aguja ajustable manualmente como dispositivo antibloqueo de vapor (FTS14-C).<\/li>\n<li>El cap\u00f3 puede perforarse con orificios roscados de 1\/8\" BSP para montar un sensor de temperatura (todas las opciones disponibles con coste adicional).<\/li>\n<\/ul>\n<h3>Limitaciones (ISO 6552)<\/h3>\n<table>\n<thead>\n<tr>\n<th>Condiciones de dise\u00f1o del cuerpo de la v\u00e1lvula<\/th>\n<th>PN25<\/th>\n<\/tr>\n<\/thead>\n<tbody>\n<tr>\n<td>PMA - Presi\u00f3n m\u00e1xima admisible<\/td>\n<td>25 bar g<\/td>\n<\/tr>\n<tr>\n<td>TMA - temperatura m\u00e1xima admisible<\/td>\n<td>300 \u2103<\/td>\n<\/tr>\n<tr>\n<td>TMO - temperatura m\u00e1xima de funcionamiento<\/td>\n<td>225 \u2103<\/td>\n<\/tr>\n<tr>\n<td>Temperatura m\u00ednima de trabajo<\/td>\n<td>-20 \u00b0C (para temperaturas de funcionamiento inferiores, consulte a Spessartec)<\/td>\n<\/tr>\n<tr>\n<td>Presi\u00f3n m\u00e1xima de prueba hidrost\u00e1tica en fr\u00edo<\/td>\n<td>37.5 bar g<\/td>\n<\/tr>\n<tr>\n<td>Nota: Para las conexiones de abrazadera sanitaria, los l\u00edmites m\u00e1ximos de presi\u00f3n y temperatura deben estar determinados por la junta y la abrazadera utilizadas.<\/td>\n<td><\/td>\n<\/tr>\n<\/tbody>\n<\/table>\n<h3>material (del que est\u00e1 hecho algo)<\/h3>\n<table>\n<thead>\n<tr>\n<th>n\u00famero de serie<\/th>\n<th>piezas<\/th>\n<th>material (del que est\u00e1 hecho algo)<\/th>\n<\/tr>\n<\/thead>\n<tbody>\n<tr>\n<td>1<\/td>\n<td>cuerpo de la v\u00e1lvula<\/td>\n<td>Acero inoxidable austen\u00edtico (316) EN 10213-4(1.4408) ASTM A351 CF8M<\/td>\n<\/tr>\n<tr>\n<td>2<\/td>\n<td>Pernos del cap\u00f3<\/td>\n<td>Acero inoxidable BS EN 3506 A2-70<\/td>\n<\/tr>\n<tr>\n<td>3<\/td>\n<td>Junta del bonete<\/td>\n<td>Grafito en escamas reforzado<\/td>\n<\/tr>\n<tr>\n<td>4<\/td>\n<td>cap\u00f3s<\/td>\n<td>Acero inoxidable austen\u00edtico (316) EN 10213-4(1.4408) ASTM A351 CF8M<\/td>\n<\/tr>\n<tr>\n<td>5<\/td>\n<td>Asiento de la v\u00e1lvula principal<\/td>\n<td>Acero inoxidable BS 970 431 S29<\/td>\n<\/tr>\n<tr>\n<td>6<\/td>\n<td>Junta del asiento de la v\u00e1lvula principal\/v\u00e1lvula de ventilaci\u00f3n<\/td>\n<td>aceros inoxidables<\/td>\n<\/tr>\n<tr>\n<td>7<\/td>\n<td>Tornillos del conjunto de la v\u00e1lvula principal<\/td>\n<td>aceros inoxidables<\/td>\n<\/tr>\n<tr>\n<td>8<\/td>\n<td>Bola de flotaci\u00f3n<\/td>\n<td>Acero inoxidable BS 1449 304 S16<\/td>\n<\/tr>\n<tr>\n<td>9<\/td>\n<td>Unidad de v\u00e1lvula de purga de aire<\/td>\n<td>aceros inoxidables<\/td>\n<\/tr>\n<tr>\n<td>10<\/td>\n<td>Unidad SLR<\/td>\n<td>aceros inoxidables<\/td>\n<\/tr>\n<tr>\n<td>11<\/td>\n<td>Junta SLR<\/td>\n<td>aceros inoxidables<\/td>\n<\/tr>\n<tr>\n<td>12<\/td>\n<td>Soporte pivotante<\/td>\n<td>aceros inoxidables<\/td>\n<\/tr>\n<tr>\n<td>13<\/td>\n<td>Sello SLR<\/td>\n<td>plumbago<\/td>\n<\/tr>\n<tr>\n<td>14<\/td>\n<td>fulcrum<\/td>\n<td>aceros inoxidables<\/td>\n<\/tr>\n<tr>\n<td>15<\/td>\n<td>Junta t\u00f3rica<\/td>\n<td>Gris Viton Conformidad T21,P177,S2600 FDA CFR<\/td>\n<\/tr>\n<tr>\n<td>*16<\/td>\n<td>Muelle de la v\u00e1lvula principal (s\u00f3lo 1\")<\/td>\n<td>aceros inoxidables<\/td>\n<\/tr>\n<tr>\n<td>*17<\/td>\n<td>enchufe inductor<\/td>\n<td>Acero inoxidable (opcional)<\/td>\n<\/tr>\n<tr>\n<td>*18<\/td>\n<td>filtro<\/td>\n<td>Acero inoxidable (opcional)<\/td>\n<\/tr>\n<\/tbody>\n<\/table>\n<h3>\u2206PMX - Presi\u00f3n diferencial m\u00e1xima<\/h3>\n<table>\n<thead>\n<tr>\n<th>n\u00famero de modelo<\/th>\n<th>Diferencia de presi\u00f3n m\u00e1xima<\/th>\n<\/tr>\n<\/thead>\n<tbody>\n<tr>\n<td>FTS14-4.5<\/td>\n<td>4,5 bar<\/td>\n<\/tr>\n<tr>\n<td>FTS14-10<\/td>\n<td>10 bar<\/td>\n<\/tr>\n<tr>\n<td>FTS14-14<\/td>\n<td>14 bar<\/td>\n<\/tr>\n<\/tbody>\n<\/table>\n<h3>Informaci\u00f3n sobre seguridad, instalaci\u00f3n y mantenimiento<\/h3>\n<p>Para m\u00e1s detalles, consulte la Gu\u00eda de instalaci\u00f3n y mantenimiento (IM-P145-02) suministrada con el producto.<\/p>\n<h3>Instrucciones de pedido<\/h3>\n<p>Ejemplo: Trampa de vapor  Spirax Sarco  \u00bd\" FTS14X-4.5 R-L en acero inoxidable con conexi\u00f3n roscada BSP. El purgador se puede reparar en l\u00ednea con purgador de aire y filtro incorporados. Se pueden taladrar agujeros roscados de 1\/8\" para sensores de temperatura con un coste adicional.<\/p>\n<p><!-- \u6280\u672f\u8d44\u6599\u4e0b\u8f7d\u533a\u5757 --><\/p>\n<div class=\"valve-documents\">\n<h3 class=\"doc-title\">Descarga de datos t\u00e9cnicos<\/h3>\n<div class=\"doc-links\">\n<a href=\"https:\/\/doc.shopvalves.com\/FTS14-TI-P145-01-EN.pdf\" class=\"doc-link\" target=\"_blank\">FTS14-TI-P145-01-EN.pdf<\/a><br \/><a href=\"https:\/\/doc.shopvalves.com\/TI-P145-01-Chinese.pdf\" class=\"doc-link\" target=\"_blank\">TI-P145-01-Chinese.pdf<\/a>    <\/div>\n<\/div>","protected":false},"excerpt":{"rendered":"<p>El purgador de vapor de flotador de acero inoxidable austen\u00edtico Spirax Sarco FTS14 con purga de aire autom\u00e1tica incorporada elimina el condensado de forma eficaz.....<\/p>","protected":false},"featured_media":4683,"template":"","meta":{"_kadence_starter_templates_imported_post":false,"_kad_post_transparent":"default","_kad_post_title":"","_kad_post_layout":"default","_kad_post_sidebar_id":"","_kad_post_content_style":"default","_kad_post_vertical_padding":"default","_kad_post_feature":"","_kad_post_feature_position":"","_kad_post_header":false,"_kad_post_footer":false},"product_brand":[24],"product_cat":[67,56],"product_tag":[57,65],"class_list":{"0":"post-3734","1":"product","2":"type-product","3":"status-publish","4":"has-post-thumbnail","6":"product_brand-spirax-sarco","7":"product_cat-ball-float-steam-traps","8":"product_cat-steam-traps","9":"product_tag-spiraxsarco-traps","10":"product_tag-spiraxsarco-valves","12":"first","13":"instock","14":"shipping-taxable","15":"purchasable","16":"product-type-variable","17":"entry","18":"content-bg","19":"loop-entry"},"_links":{"self":[{"href":"https:\/\/www.shopvalves.com\/es\/wp-json\/wp\/v2\/product\/3734","targetHints":{"allow":["GET"]}}],"collection":[{"href":"https:\/\/www.shopvalves.com\/es\/wp-json\/wp\/v2\/product"}],"about":[{"href":"https:\/\/www.shopvalves.com\/es\/wp-json\/wp\/v2\/types\/product"}],"wp:featuredmedia":[{"embeddable":true,"href":"https:\/\/www.shopvalves.com\/es\/wp-json\/wp\/v2\/media\/4683"}],"wp:attachment":[{"href":"https:\/\/www.shopvalves.com\/es\/wp-json\/wp\/v2\/media?parent=3734"}],"wp:term":[{"taxonomy":"product_brand","embeddable":true,"href":"https:\/\/www.shopvalves.com\/es\/wp-json\/wp\/v2\/product_brand?post=3734"},{"taxonomy":"product_cat","embeddable":true,"href":"https:\/\/www.shopvalves.com\/es\/wp-json\/wp\/v2\/product_cat?post=3734"},{"taxonomy":"product_tag","embeddable":true,"href":"https:\/\/www.shopvalves.com\/es\/wp-json\/wp\/v2\/product_tag?post=3734"}],"curies":[{"name":"wp","href":"https:\/\/api.w.org\/{rel}","templated":true}]}}