{"id":4468,"date":"2025-05-16T09:19:16","date_gmt":"2025-05-16T01:19:16","guid":{"rendered":"https:\/\/www.shopvalves.com\/?post_type=product&#038;p=4468"},"modified":"2026-03-24T10:53:26","modified_gmt":"2026-03-24T02:53:26","slug":"spirax-sarco-lp11","status":"publish","type":"product","link":"https:\/\/www.shopvalves.com\/es\/producto\/spirax-sarco-lp11\/","title":{"rendered":"Spirax Sarco LP11-4 Sensor de nivel de l\u00edquido"},"content":{"rendered":"<p>El sensor de nivel LP11-4 de Spirax Sarco se utiliza junto con el controlador de nivel LCS1350 de Spirax Sarco para el control de nivel de encendido\/apagado y la alarma de calderas de vapor, dep\u00f3sitos u otros recipientes.<\/p>\n<p>La versi\u00f3n de 4 sondas del sensor es especialmente adecuada cuando se instala un indicador de nivel\/alarma con \"pantalla electr\u00f3nica\" de 3 l\u00e1mparas. El cuerpo del sensor se conecta a tierra mediante una conexi\u00f3n roscada y la caldera o el dep\u00f3sito suelen formar el circuito de tierra. El sensor tambi\u00e9n puede utilizarse en dep\u00f3sitos de hormig\u00f3n o pl\u00e1stico en los que una de las sondas se utiliza como terminal de tierra o se instala una varilla o placa de tierra independiente.<\/p>\n<p>Las 4 sondas del LP11-4 pueden desmontarse y cortarse a la longitud necesaria antes de la instalaci\u00f3n; tenga en cuenta que las sondas deben pedirse por separado. Cuando las sondas se sumergen en un l\u00edquido conductor, se forma un bucle de circuito y cuando el nivel cae por debajo de las sondas, la resistencia aumenta, dando una se\u00f1al al controlador indicando que las sondas est\u00e1n fuera del nivel. Nota: Este sensor no puede instalarse en el exterior sin protecci\u00f3n adicional.<\/p>\n<h3>Longitudes de sonda disponibles<\/h3>\n<p>Longitud de la sonda 1000 mm, longitud m\u00e1xima 2095 mm cuando se conectan dos sondas<\/p>\n<h3>L\u00edmites de presi\u00f3n\/temperatura<\/h3>\n<table>\n<thead>\n<tr>\n<th><\/th>\n<th>PN40<\/th>\n<th><\/th>\n<\/tr>\n<\/thead>\n<tbody>\n<tr>\n<td>Presi\u00f3n m\u00e1xima<\/td>\n<td>32 bar g<\/td>\n<td>(464 psi g)<\/td>\n<\/tr>\n<tr>\n<td>temperatura m\u00e1xima<\/td>\n<td>239\u00b0C<\/td>\n<td>(462\u00b0F)<\/td>\n<\/tr>\n<tr>\n<td>Temperatura ambiente m\u00e1xima<\/td>\n<td>70\u00b0C<\/td>\n<td>(158\u00b0F)<\/td>\n<\/tr>\n<tr>\n<td>temperatura ambiente m\u00ednima<\/td>\n<td>-20\u00b0C<\/td>\n<td>(-4\u00b0F)<\/td>\n<\/tr>\n<\/tbody>\n<\/table>\n<h3>Par\u00e1metros t\u00e9cnicos<\/h3>\n<table>\n<thead>\n<tr>\n<th><\/th>\n<th><\/th>\n<\/tr>\n<\/thead>\n<tbody>\n<tr>\n<td>clase de protecci\u00f3n<\/td>\n<td>IP54 (consulte la gu\u00eda de instalaci\u00f3n y mantenimiento del controlador)<\/td>\n<\/tr>\n<tr>\n<td>Longitud m\u00e1xima del cable (sensor a controlador)<\/td>\n<td>2095 mm (82,5\")<\/td>\n<\/tr>\n<tr>\n<td>Profundidad m\u00ednima de detecci\u00f3n<\/td>\n<td>75 mm (3\")<\/td>\n<\/tr>\n<tr>\n<td>Conductividad m\u00ednima cuando se utiliza con LCS1350<\/td>\n<td>0,5\u03bcS\/cm @ 25\u00b0C<\/td>\n<\/tr>\n<\/tbody>\n<\/table>\n<h3>material (del que est\u00e1 hecho algo)<\/h3>\n<table>\n<thead>\n<tr>\n<th>car\u00e1cter radical<\/th>\n<th>material (del que est\u00e1 hecho algo)<\/th>\n<\/tr>\n<\/thead>\n<tbody>\n<tr>\n<td>la cosa en s\u00ed<\/td>\n<td>Acero inoxidable austen\u00edtico BS EN 10088-3 (1.4306)<\/td>\n<\/tr>\n<tr>\n<td>extender la cabeza (hacia fuera o hacia dentro)<\/td>\n<td>Acero inoxidable austen\u00edtico Tipo 316\/ 316L<\/td>\n<\/tr>\n<tr>\n<td>Manguito de aislamiento de la sonda<\/td>\n<td>PFA (Per Fluor Alkoxy)<\/td>\n<\/tr>\n<tr>\n<td>Parte inferior de la cubierta del cable<\/td>\n<td>PPS (sulfuro de polifenilina)<\/td>\n<\/tr>\n<tr>\n<td>Parte superior de la cubierta del cable<\/td>\n<td>PPS (sulfuro de polifenilina)<\/td>\n<\/tr>\n<tr>\n<td>Almohadillas de soporte para gl\u00e1ndulas<\/td>\n<td>termopl\u00e1stico el\u00e1stico<\/td>\n<\/tr>\n<tr>\n<td>Prensaestopas<\/td>\n<td>poliacrilato<\/td>\n<\/tr>\n<tr>\n<td>Sonda Estator<\/td>\n<td>PEEK (Poliarletercetona) Grado 450G<\/td>\n<\/tr>\n<\/tbody>\n<\/table>\n<h3>Informaci\u00f3n sobre seguridad, instalaci\u00f3n y mantenimiento<\/h3>\n<ul>\n<li><strong>advertencias<\/strong>Si este producto se expone a un calor excesivo, el pl\u00e1stico contenido en su material emitir\u00e1 gases t\u00f3xicos.<\/li>\n<li><strong>montaje<\/strong>El LP11-4 est\u00e1 dise\u00f1ado para instalarse en una brida o placa de cubierta atornillada BSP Rp1 (1\" BSP c\u00f3nico), el tama\u00f1o de la rosca debe especificarse en el momento de la instalaci\u00f3n. Cuando se instale en calderas o en dep\u00f3sitos donde se produzcan fuertes perturbaciones, se recomienda utilizar un tubo de protecci\u00f3n con un di\u00e1metro nominal m\u00ednimo de 80 mm. Si se instala en el exterior, debe protegerse de la intemperie.<\/li>\n<li><strong>ligadura que indica lega(en m\u00fasica)<\/strong>El cableado del LP11-4 es sencillo y directo, los conectores est\u00e1n disponibles como piezas de repuesto y los terminales est\u00e1n marcados en distintos colores para facilitar su identificaci\u00f3n. Cuando es necesario desmontar la conexi\u00f3n, puede hacerse simplemente abriendo la unidad de cableado sin retirar el prensaestopas.<\/li>\n<li><strong>salvaguardar<\/strong>: Aunque el control del nivel de agua de la caldera debe comprobarse peri\u00f3dicamente, este producto no requiere ning\u00fan mantenimiento especial.<\/li>\n<\/ul>\n<h3>Descripci\u00f3n del producto<\/h3>\n<p>Cuerpo y sonda inductora de acero inoxidable austen\u00edtico, aislamiento de sonda de PFA, para calderas de hasta 32 bar g (239 \u00b0C)<\/p>\n<h3>Instrucciones de pedido<\/h3>\n<p>Ejemplo: 1 sonda Spirax Sarco LP11-4 (BSP), longitud de sonda 1000mm<\/p>\n<h3>Piezas de repuesto disponibles<\/h3>\n<ul>\n<li>LP11-4 Empalmes de cable: incluye 6 empalmes planos y 2 redondos<\/li>\n<li>Kit de montaje de sonda LP11-4: Incluye 1 conector de sonda, 1 tornillo de bloqueo hembra y 2 estatores de cabeza de tornillo.<\/li>\n<\/ul>\n<h3>Peso (aproximado)<\/h3>\n<table>\n<thead>\n<tr>\n<th>Peso (kg)<\/th>\n<\/tr>\n<\/thead>\n<tbody>\n<tr>\n<td>1.15<\/td>\n<\/tr>\n<\/tbody>\n<\/table>\n<p><!-- \u6280\u672f\u8d44\u6599\u4e0b\u8f7d\u533a\u5757 --><\/p>\n<div class=\"valve-documents\">\n<h3 class=\"doc-title\">Descarga de datos t\u00e9cnicos<\/h3>\n<div class=\"doc-links\">\n<a href=\"https:\/\/doc.shopvalves.com\/IM-P693-05-ZH EMM Issue 2 - LP11-4\u6db2\u4f4d\u611f\u5e94\u5668.pdf\" class=\"doc-link\" target=\"_blank\">IM-P693-05-ZH EMM Edici\u00f3n 2 - Sensor de nivel LP11-4.pdf<\/a><br \/><a href=\"https:\/\/doc.shopvalves.com\/TI-P693-16 LP11-4\u6db2\u4f4d\u611f\u5e94\u5668.pdf\" class=\"doc-link\" target=\"_blank\">TI-P693-16 LP11-4 Sensor de nivel.pdf<\/a>    <\/div>\n<\/div>","protected":false},"excerpt":{"rendered":"<p>El sensor de nivel Spirax Sarco LP11-4, junto con el controlador de nivel Spirax Sarco LCS1350, se utiliza en calderas de vapor,...<\/p>","protected":false},"featured_media":4472,"template":"","meta":{"_kadence_starter_templates_imported_post":false,"_kad_post_transparent":"default","_kad_post_title":"","_kad_post_layout":"default","_kad_post_sidebar_id":"","_kad_post_content_style":"default","_kad_post_vertical_padding":"default","_kad_post_feature":"","_kad_post_feature_position":"","_kad_post_header":false,"_kad_post_footer":false},"product_brand":[24],"product_cat":[93,46],"product_tag":[],"class_list":{"0":"post-4468","1":"product","2":"type-product","3":"status-publish","4":"has-post-thumbnail","6":"product_brand-spirax-sarco","7":"product_cat-level-controls","8":"product_cat-boiler-controls-and-systems","10":"first","11":"instock","12":"shipping-taxable","13":"purchasable","14":"product-type-variable","15":"entry","16":"content-bg","17":"loop-entry"},"_links":{"self":[{"href":"https:\/\/www.shopvalves.com\/es\/wp-json\/wp\/v2\/product\/4468","targetHints":{"allow":["GET"]}}],"collection":[{"href":"https:\/\/www.shopvalves.com\/es\/wp-json\/wp\/v2\/product"}],"about":[{"href":"https:\/\/www.shopvalves.com\/es\/wp-json\/wp\/v2\/types\/product"}],"wp:featuredmedia":[{"embeddable":true,"href":"https:\/\/www.shopvalves.com\/es\/wp-json\/wp\/v2\/media\/4472"}],"wp:attachment":[{"href":"https:\/\/www.shopvalves.com\/es\/wp-json\/wp\/v2\/media?parent=4468"}],"wp:term":[{"taxonomy":"product_brand","embeddable":true,"href":"https:\/\/www.shopvalves.com\/es\/wp-json\/wp\/v2\/product_brand?post=4468"},{"taxonomy":"product_cat","embeddable":true,"href":"https:\/\/www.shopvalves.com\/es\/wp-json\/wp\/v2\/product_cat?post=4468"},{"taxonomy":"product_tag","embeddable":true,"href":"https:\/\/www.shopvalves.com\/es\/wp-json\/wp\/v2\/product_tag?post=4468"}],"curies":[{"name":"wp","href":"https:\/\/api.w.org\/{rel}","templated":true}]}}