{"id":4546,"date":"2025-05-23T08:01:50","date_gmt":"2025-05-23T00:01:50","guid":{"rendered":"https:\/\/www.shopvalves.com\/?post_type=product&#038;p=4546"},"modified":"2026-03-24T10:52:14","modified_gmt":"2026-03-24T02:52:14","slug":"spirax-sarco-mpc2m","status":"publish","type":"product","link":"https:\/\/www.shopvalves.com\/es\/producto\/spirax-sarco-mpc2m\/","title":{"rendered":"SPIRAX SARCO MPC2M\/MPC2AM Filtro\/regulador de aire comprimido de alta eficacia"},"content":{"rendered":"<p>Los filtros\/reguladores de aire comprimido de alta eficacia Spirax Sarco MPC1M, MPC2M y MPC2AM proporcionan aire comprimido de alta calidad para un control preciso de la presi\u00f3n en actuadores neum\u00e1ticos y sistemas de uso general.<\/p>\n<p>Esta serie de productos son filtros\/reguladores (autoaliviantes) de eliminaci\u00f3n de aceite de alta eficiencia con dise\u00f1o compacto en miniatura, funci\u00f3n de autoalivio y muy alta eficiencia, m\u00e1s de 99,95% en la prueba D.O.P. su arrastre de aceite es inferior a 0,0255mg\/m\u00b3 (0,02ppm), 100% de eliminaci\u00f3n de agua a temperatura de l\u00ednea, con recipiente de policarbonato, exterior negro anodizado, con una eficacia de filtraci\u00f3n de part\u00edculas de 99,96% y una presi\u00f3n seca de entrada reducida de 1,5psi d.<\/p>\n<h3>Tipo de producto<\/h3>\n<table>\n<thead>\n<tr>\n<th>Modelo de producto<\/th>\n<th>Caracter\u00edsticas del producto<\/th>\n<\/tr>\n<\/thead>\n<tbody>\n<tr>\n<td>MPC1M<\/td>\n<td>Cubeta met\u00e1lica con vaciado manual y tap\u00f3n inviolable<\/td>\n<\/tr>\n<tr>\n<td>MPC2M<\/td>\n<td>Cubeta de policarbonato con desag\u00fce manual<\/td>\n<\/tr>\n<tr>\n<td>MPC2AM<\/td>\n<td>Cubeta met\u00e1lica con desag\u00fce autom\u00e1tico<\/td>\n<\/tr>\n<\/tbody>\n<\/table>\n<h3>\u00c1mbitos de aplicaci\u00f3n<\/h3>\n<p>Se utiliza para suministrar aire comprimido de alta calidad para aplicaciones con requisitos especialmente exigentes en cuanto a la calidad del aire comprimido, como cojinetes neum\u00e1ticos de m\u00e1quinas herramienta, equipos de medici\u00f3n de aire, suministro de aire para instrumentos, sistemas de chorro, aire respirable, posicionadores neum\u00e1ticos, etc.<\/p>\n<h3>advertencia<\/h3>\n<ul>\n<li>S\u00f3lo el MPC1M es apto para su uso en entornos de zonas peligrosas en los que la unidad no genera un aumento de temperatura ni una fuente de ignici\u00f3n durante su funcionamiento y est\u00e1 clasificada fuera de los l\u00edmites de las zonas peligrosas.<\/li>\n<li>En entornos peligrosos no deben utilizarse man\u00f3metros est\u00e1ndar, sino el man\u00f3metro suministrado con el posicionador Spirax Sarco para ajustar correctamente la presi\u00f3n de entrada al posicionador.<\/li>\n<li>MPC2M y MPC2AM no deben utilizarse en entornos peligrosos.<\/li>\n<li>La normativa local puede restringir el uso de este producto a condiciones inferiores a las especificadas.<\/li>\n<\/ul>\n<h3>Dimensiones y tuber\u00edas<\/h3>\n<p>\u00bc\" rosca BSP T Rp (ISO 7-1)<\/p>\n<h3>Margen del muelle (margen de presi\u00f3n de trabajo)<\/h3>\n<ul>\n<li>Muelle est\u00e1ndar: 0,7 - 9,0 bar g<\/li>\n<li>Muelles opcionales: 0,2 - 2,0 bar g, 0,3 - 4,0 bar g<br \/>\nNota: El MPC se suministra con muelles est\u00e1ndar a menos que se especifiquen otras opciones al realizar el pedido.<\/li>\n<\/ul>\n<h3>l\u00edmite de funcionamiento<\/h3>\n<ul>\n<li>Cubeta de policarbonato: 10 bar g @ 50\u00b0C<\/li>\n<li>Cuba met\u00e1lica: 17 bar g @ 80\u00b0C<\/li>\n<\/ul>\n<h3>makings<\/h3>\n<table>\n<thead>\n<tr>\n<th>n\u00famero de pieza<\/th>\n<th>Pieza Material<\/th>\n<\/tr>\n<\/thead>\n<tbody>\n<tr>\n<td>1<\/td>\n<td>\u00f3xido de aluminio anodizado<\/td>\n<\/tr>\n<tr>\n<td>2<\/td>\n<td>Policarbonato o aleaci\u00f3n de aluminio<\/td>\n<\/tr>\n<tr>\n<td>3<\/td>\n<td>Conjunto del cap\u00f3 de aluminio<\/td>\n<\/tr>\n<tr>\n<td>4<\/td>\n<td>Cartuchos de microfibra\/acero inoxidable<\/td>\n<\/tr>\n<tr>\n<td>5<\/td>\n<td>V\u00e1lvula de caucho nitr\u00edlico<\/td>\n<\/tr>\n<\/tbody>\n<\/table>\n<h3>pesos<\/h3>\n<table>\n<thead>\n<tr>\n<th>Modelo de producto<\/th>\n<th>Peso (kg)<\/th>\n<\/tr>\n<\/thead>\n<tbody>\n<tr>\n<td>MPC1M<\/td>\n<td>0.2<\/td>\n<\/tr>\n<tr>\n<td>MPC2M<\/td>\n<td>0.2<\/td>\n<\/tr>\n<tr>\n<td>MPC2AM<\/td>\n<td>0.2<\/td>\n<\/tr>\n<\/tbody>\n<\/table>\n<h3>Accesorios opcionales<\/h3>\n<ul>\n<li><strong>kit<\/strong>Filtro\/regulador MPC2M, MP2AM : El filtro\/regulador MPC2M, MP2AM tambi\u00e9n est\u00e1 disponible como kit con soporte tipo 8 o FK21, anillo de montaje y man\u00f3metro.<\/li>\n<li><strong>Tabla de selecci\u00f3n de opciones MPC<\/strong><\/li>\n<\/ul>\n<table>\n<thead>\n<tr>\n<th>funcionalidad<\/th>\n<th>MPC1M<\/th>\n<th>MPC2M<\/th>\n<th>MPC2AM<\/th>\n<\/tr>\n<\/thead>\n<tbody>\n<tr>\n<td>Cubeta de policarbonato (no escurre)<\/td>\n<td><\/td>\n<td>OE<\/td>\n<td><\/td>\n<\/tr>\n<tr>\n<td>Cubeta de policarbonato (con desag\u00fce manual)<\/td>\n<td><\/td>\n<td>S<\/td>\n<td><\/td>\n<\/tr>\n<tr>\n<td>Protectores de cuenco<\/td>\n<td><\/td>\n<td>OE<\/td>\n<td><\/td>\n<\/tr>\n<tr>\n<td>Cubeta met\u00e1lica (espejo sin mirilla con desag\u00fce manual)<\/td>\n<td>OE<\/td>\n<td>OE<\/td>\n<td><\/td>\n<\/tr>\n<tr>\n<td>Cubeta met\u00e1lica (con desag\u00fce autom\u00e1tico)<\/td>\n<td><\/td>\n<td><\/td>\n<td>S<\/td>\n<\/tr>\n<tr>\n<td>Tap\u00f3n inviolable con precinto de seguridad<\/td>\n<td>OE<\/td>\n<td>OE<\/td>\n<td>OE<\/td>\n<\/tr>\n<tr>\n<td>Man\u00f3metro (50 mm \u00d8)<\/td>\n<td><\/td>\n<td>OE<\/td>\n<td>OE<\/td>\n<\/tr>\n<tr>\n<td>Man\u00f3metro (40 mm \u00d8)<\/td>\n<td>OE<\/td>\n<td>OE<\/td>\n<td>OE<\/td>\n<\/tr>\n<tr>\n<td>Soporte de montaje tipo 8<\/td>\n<td><\/td>\n<td>OE<\/td>\n<td>OE<\/td>\n<\/tr>\n<tr>\n<td>Kit de fijaci\u00f3n FK21<\/td>\n<td>OE<\/td>\n<td>OE<\/td>\n<td>OE<\/td>\n<\/tr>\n<tr>\n<td>Anillo de cierre de aluminio<\/td>\n<td>OE<\/td>\n<td>OE<\/td>\n<td>OE<\/td>\n<\/tr>\n<tr>\n<td>Adecuado para entornos peligrosos<\/td>\n<td>S\u00ed<\/td>\n<td>No<\/td>\n<td>No<\/td>\n<\/tr>\n<tr>\n<td>Nota: S = est\u00e1ndar; OE = opcional; - = no disponible. Se recomienda el uso de tapones a prueba de manipulaciones con precintos de seguridad como accesorio opcional para los componentes de los kits MPC2M y MPC2AM.<\/td>\n<td><\/td>\n<td><\/td>\n<td><\/td>\n<\/tr>\n<\/tbody>\n<\/table>\n<ul>\n<li><strong>Kit de fijaci\u00f3n FK21<\/strong>Para montar el MPC_M en un actuador neum\u00e1tico Spessartec de la serie PN, debe especificarse tambi\u00e9n un anillo de montaje de aluminio.<\/li>\n<li><strong>Soporte de montaje tipo 8 y anillo de montaje<\/strong>Para una instalaci\u00f3n general, especifique en el pedido tanto el soporte de acero galvanizado como el anillo de montaje de aluminio.<\/li>\n<li><strong>Man\u00f3metro opcional<\/strong>Disponibles en dos tama\u00f1os (1\u00bd\" y 2\") y tres rangos de presi\u00f3n (0 - 2 bar, 0 - 7 bar, 0 - 11 bar, correspondientes a 0 - 30 psi, 0 - 100 psi, 0 - 160 psi), especifique el tama\u00f1o y el rango de presi\u00f3n al realizar el pedido.<\/li>\n<\/ul>\n<h3>Opciones de rendimiento (presi\u00f3n primaria 10 bar)<\/h3>\n<p>Existe un caudal de aire m\u00e1ximo recomendado para cualquier presi\u00f3n de filtraci\u00f3n primaria. Mantenerse dentro de este rango de caudal asegura que el rendimiento del cartucho se mantenga a un alto nivel de eficiencia, especialmente en la eliminaci\u00f3n de contaminantes de aceite y agua. El uso del producto fuera de este rango puede reducir la eficacia de eliminaci\u00f3n de aceite.<\/p>\n<h3>Informaci\u00f3n sobre seguridad, instalaci\u00f3n y mantenimiento<\/h3>\n<p>Consulte las instrucciones de instalaci\u00f3n y mantenimiento (IM-P504-08) incluidas con el producto para obtener informaci\u00f3n m\u00e1s detallada.<\/p>\n<h3>C\u00f3mo hacer un pedido<\/h3>\n<p>Especifique la cantidad, el tama\u00f1o, el tipo y las opciones necesarias. A menos que se especifique lo contrario, los filtros\/reguladores se suministrar\u00e1n con muelles de control de 0,7 - 9,0 bar g y cubetas de policarbonato con drenaje.<br \/>\nEjemplo: 1 x filtro\/regulador de aire comprimido de alta eficiencia MPC2M de \u00bc\" con muelle de control de 0,3 - 4,0 bar g; 1 x kit para montar el MPC2M en un actuador neum\u00e1tico Spessartec PN.<\/p>\n<h3>C\u00f3mo pedir piezas de recambio<\/h3>\n<p>Pida siempre las piezas de repuesto utilizando la descripci\u00f3n de la columna \"Piezas de repuesto disponibles\", indicando el tama\u00f1o y el tipo de equipo.<br \/>\nEjemplo: 1 filtro HEPA MPC2M de \u00bc\"\/elemento regulador y kit de juntas t\u00f3ricas.<\/p>\n<p><!-- \u6280\u672f\u8d44\u6599\u4e0b\u8f7d\u533a\u5757 --><\/p>\n<div class=\"valve-documents\">\n<h3 class=\"doc-title\">Descarga de datos t\u00e9cnicos<\/h3>\n<div class=\"doc-links\">\n<a href=\"https:\/\/doc.shopvalves.com\/MPC-TI-P504-07-EN.pdf\" class=\"doc-link\" target=\"_blank\">MPC-TI-P504-07-EN.pdf<\/a>    <\/div>\n<\/div>","protected":false},"excerpt":{"rendered":"<p>Los filtros\/reguladores de aire comprimido de alta eficacia Spirax Sarco MPC1M, MPC2M y MPC2AM...<\/p>","protected":false},"featured_media":4550,"template":"","meta":{"_kadence_starter_templates_imported_post":false,"_kad_post_transparent":"default","_kad_post_title":"","_kad_post_layout":"default","_kad_post_sidebar_id":"","_kad_post_content_style":"default","_kad_post_vertical_padding":"default","_kad_post_feature":"","_kad_post_feature_position":"","_kad_post_header":false,"_kad_post_footer":false},"product_brand":[24],"product_cat":[102,50],"product_tag":[],"class_list":{"0":"post-4546","1":"product","2":"type-product","3":"status-publish","4":"has-post-thumbnail","6":"product_brand-spirax-sarco","7":"product_cat-positioners-controllers-and-sensors","8":"product_cat-control-systems","10":"first","11":"instock","12":"sale","13":"shipping-taxable","14":"purchasable","15":"product-type-variable","16":"entry","17":"content-bg","18":"loop-entry"},"_links":{"self":[{"href":"https:\/\/www.shopvalves.com\/es\/wp-json\/wp\/v2\/product\/4546","targetHints":{"allow":["GET"]}}],"collection":[{"href":"https:\/\/www.shopvalves.com\/es\/wp-json\/wp\/v2\/product"}],"about":[{"href":"https:\/\/www.shopvalves.com\/es\/wp-json\/wp\/v2\/types\/product"}],"wp:featuredmedia":[{"embeddable":true,"href":"https:\/\/www.shopvalves.com\/es\/wp-json\/wp\/v2\/media\/4550"}],"wp:attachment":[{"href":"https:\/\/www.shopvalves.com\/es\/wp-json\/wp\/v2\/media?parent=4546"}],"wp:term":[{"taxonomy":"product_brand","embeddable":true,"href":"https:\/\/www.shopvalves.com\/es\/wp-json\/wp\/v2\/product_brand?post=4546"},{"taxonomy":"product_cat","embeddable":true,"href":"https:\/\/www.shopvalves.com\/es\/wp-json\/wp\/v2\/product_cat?post=4546"},{"taxonomy":"product_tag","embeddable":true,"href":"https:\/\/www.shopvalves.com\/es\/wp-json\/wp\/v2\/product_tag?post=4546"}],"curies":[{"name":"wp","href":"https:\/\/api.w.org\/{rel}","templated":true}]}}