{"id":4586,"date":"2025-05-24T09:52:04","date_gmt":"2025-05-24T01:52:04","guid":{"rendered":"https:\/\/www.shopvalves.com\/?post_type=product&#038;p=4586"},"modified":"2026-03-24T10:52:08","modified_gmt":"2026-03-24T02:52:08","slug":"spirax-sacro-needle-valve","status":"publish","type":"product","link":"https:\/\/www.shopvalves.com\/es\/producto\/spirax-sacro-needle-valve\/","title":{"rendered":"V\u00e1lvulas de aguja Spirax Sarco"},"content":{"rendered":"<p>Una v\u00e1lvula de aguja es un dispositivo mec\u00e1nico que inicia, detiene o regula la circulaci\u00f3n de l\u00edquidos o gases mediante un v\u00e1stago c\u00f3nico utilizado como compuerta.<br class=\"container-WVhlXL wrapper-odckLC undefined\" \/>Una v\u00e1lvula es un dispositivo que abre, cierra o regula el paso de fluido a trav\u00e9s de una tuber\u00eda en una m\u00e1quina, dispositivo o instrumento.<br class=\"container-WVhlXL wrapper-odckLC undefined\" \/>Las v\u00e1lvulas y la instrumentaci\u00f3n incluyen v\u00e1lvulas que regulan, permiten o detienen el flujo de fluidos en instalaciones o m\u00e1quinas industriales, as\u00ed como dispositivos que miden y controlan distintas variables en estos procesos.<\/p>\n<p><!-- \u6280\u672f\u8d44\u6599\u4e0b\u8f7d\u533a\u5757 --><\/p>\n<div class=\"valve-documents\">\n<h3 class=\"doc-title\">Descarga de datos t\u00e9cnicos<\/h3>\n<div class=\"doc-links\">\n<a href=\"https:\/\/doc.shopvalves.com\/TI-P027-15 \u4e0d\u9508\u94a2\u538b\u529b\u8868\u5e26\u5f2f\u7ba1\u548c\u9488\u9600.pdf\" class=\"doc-link\" target=\"_blank\">TI-P027-15 Man\u00f3metro de acero inoxidable con codo y v\u00e1lvula de aguja.pdf<\/a>    <\/div>\n<\/div>","protected":false},"excerpt":{"rendered":"<p>Una v\u00e1lvula de aguja es un dispositivo mec\u00e1nico que inicia, detiene o regula la circulaci\u00f3n de un l\u00edquido o gas mediante un v\u00e1stago c\u00f3nico utilizado como compuerta. Las v\u00e1lvulas son m\u00e1quinas, dispositivos o instrumentos que golpean...<\/p>","protected":false},"featured_media":4591,"template":"","meta":{"_kadence_starter_templates_imported_post":false,"_kad_post_transparent":"default","_kad_post_title":"","_kad_post_layout":"default","_kad_post_sidebar_id":"","_kad_post_content_style":"default","_kad_post_vertical_padding":"default","_kad_post_feature":"","_kad_post_feature_position":"","_kad_post_header":false,"_kad_post_footer":false},"product_brand":[24],"product_cat":[55],"product_tag":[],"class_list":{"0":"post-4586","1":"product","2":"type-product","3":"status-publish","4":"has-post-thumbnail","6":"product_brand-spirax-sarco","7":"product_cat-pipeline-ancillaries","9":"first","10":"instock","11":"sale","12":"shipping-taxable","13":"purchasable","14":"product-type-variable","15":"entry","16":"content-bg","17":"loop-entry"},"_links":{"self":[{"href":"https:\/\/www.shopvalves.com\/es\/wp-json\/wp\/v2\/product\/4586","targetHints":{"allow":["GET"]}}],"collection":[{"href":"https:\/\/www.shopvalves.com\/es\/wp-json\/wp\/v2\/product"}],"about":[{"href":"https:\/\/www.shopvalves.com\/es\/wp-json\/wp\/v2\/types\/product"}],"wp:featuredmedia":[{"embeddable":true,"href":"https:\/\/www.shopvalves.com\/es\/wp-json\/wp\/v2\/media\/4591"}],"wp:attachment":[{"href":"https:\/\/www.shopvalves.com\/es\/wp-json\/wp\/v2\/media?parent=4586"}],"wp:term":[{"taxonomy":"product_brand","embeddable":true,"href":"https:\/\/www.shopvalves.com\/es\/wp-json\/wp\/v2\/product_brand?post=4586"},{"taxonomy":"product_cat","embeddable":true,"href":"https:\/\/www.shopvalves.com\/es\/wp-json\/wp\/v2\/product_cat?post=4586"},{"taxonomy":"product_tag","embeddable":true,"href":"https:\/\/www.shopvalves.com\/es\/wp-json\/wp\/v2\/product_tag?post=4586"}],"curies":[{"name":"wp","href":"https:\/\/api.w.org\/{rel}","templated":true}]}}