{"id":5415,"date":"2025-11-02T14:52:22","date_gmt":"2025-11-02T06:52:22","guid":{"rendered":"https:\/\/www.shopvalves.com\/?post_type=product&#038;p=5415"},"modified":"2025-11-02T15:09:27","modified_gmt":"2025-11-02T07:09:27","slug":"armstrong-2011","status":"publish","type":"product","link":"https:\/\/www.shopvalves.com\/es\/producto\/armstrong-2011\/","title":{"rendered":"Purgador de vapor de cubeta invertida Armstrong 2011 de acero inoxidable C5324-7"},"content":{"rendered":"<p>El purgador de vapor de cubeta invertida 2011 de Armstrong es la estrella de la serie 2000 de Armstrong International, dise\u00f1ada para sistemas de vapor industriales con el fin de proporcionar una eliminaci\u00f3n de condensado y una retenci\u00f3n de vapor fiables. Como purgador de vapor de cubeta invertida totalmente de acero inoxidable, combina eficacia energ\u00e9tica, facilidad de instalaci\u00f3n y larga vida \u00fatil para aplicaciones de calentamiento, secado y control de procesos en entornos de alta presi\u00f3n. Si busca una soluci\u00f3n de purgador de vapor de alto rendimiento, el Armstrong 2011 es la elecci\u00f3n ideal.<\/p>\n<h2>Especificaciones y par\u00e1metros t\u00e9cnicos del producto<\/h2>\n<p>El purgador de vapor Armstrong 2011 utiliza el avanzado principio de cubeta invertida para abrirse y cerrarse autom\u00e1ticamente, aprovechando la diferencia de densidad entre condensado y vapor, lo que garantiza un drenaje eficaz sin fugas de vapor. A continuaci\u00f3n se ofrecen especificaciones detalladas:<\/p>\n<ul>\n<li><strong>n\u00famero de modelo<\/strong>: 2011 (incluidas las variantes 2011C).<\/li>\n<li><strong>makings<\/strong>Todas las piezas h\u00famedas son de acero inoxidable, lo que proporciona una resistencia superior a la corrosi\u00f3n y durabilidad en entornos industriales dif\u00edciles.<\/li>\n<li><strong>conexi\u00f3n de tuber\u00edas<\/strong>: 1\/2\" o 3\/4\" (15-20 mm), admite conectores universales de 360\u00b0 para facilitar la instalaci\u00f3n en l\u00ednea.<\/li>\n<li><strong>Presi\u00f3n m\u00e1xima de servicio<\/strong>400 psig (28 barg) para sistemas de vapor de alta presi\u00f3n.<\/li>\n<li><strong>cuantitativo (ciencia)<\/strong>Hasta 400 kg\/h (880 lb\/h) para una manipulaci\u00f3n eficaz de condensados de gran caudal.<\/li>\n<li><strong>Tama\u00f1o e instalaci\u00f3n<\/strong>: Longitud de extracci\u00f3n de aprox. 50 mm, requiere un espacio libre de montaje de pernos de 635 mm; dise\u00f1o ligero y compacto para aplicaciones con limitaciones de espacio.<\/li>\n<li><strong>durabilidad<\/strong>Resistente a los da\u00f1os por congelaci\u00f3n, no requiere protecci\u00f3n adicional; el embalaje sellado a prueba de manipulaciones garantiza la seguridad y la fiabilidad.<\/li>\n<\/ul>\n<p>Para m\u00e1s detalles t\u00e9cnicos, consulte la ficha t\u00e9cnica oficial:<a href=\"https:\/\/armstronginternational.com\/wp-content\/uploads\/Data_Series2000_InvertedBucket_SteamTrap_EMEA_EN.pdf\" target=\"_blank\" rel=\"noopener\">Hoja de datos del purgador de vapor de cubeta invertida serie 2000 de Armstrong<\/a>\u00a0responder cantando\u00a0<a href=\"https:\/\/armstronginternational.com\/wp-content\/uploads\/Data_IB-2011C_IN_EN.pdf\" target=\"_blank\" rel=\"noopener\">Especificaci\u00f3n del modelo 2011C<\/a>.<\/p>\n<h2>Ventajas del producto<\/h2>\n<p>El purgador de vapor de cubeta invertida de acero inoxidable 2011 de Armstrong destaca en ahorro energ\u00e9tico, facilidad de instalaci\u00f3n y costes de mantenimiento:<\/p>\n<ul>\n<li><strong>ahorro de energ\u00eda y eficiencia<\/strong>Sistema de purga: Basado en el principio de diferencia de densidad, el condensado y el aire se descargan r\u00e1pidamente, reduciendo la p\u00e9rdida de vapor y mejorando la eficiencia del sistema. Reduce significativamente el consumo de energ\u00eda en comparaci\u00f3n con los purgadores convencionales.<\/li>\n<li><strong>F\u00e1cil de instalar y sustituir<\/strong>El conector IS-2 o el conector est\u00e1ndar permiten una r\u00e1pida sustituci\u00f3n en l\u00ednea sin interrumpir las operaciones de la tuber\u00eda. El dise\u00f1o giratorio de 360\u00b0 se adapta a una amplia gama de \u00e1ngulos de montaje.<\/li>\n<li><strong>Resistencia a la corrosi\u00f3n y durabilidad<\/strong>Construcci\u00f3n totalmente de acero inoxidable resistente a la corrosi\u00f3n qu\u00edmica y a las altas temperaturas; la funci\u00f3n de resistencia a la congelaci\u00f3n garantiza un funcionamiento fiable en entornos fr\u00edos.<\/li>\n<li><strong>Extensiones compatibles<\/strong>Control remoto de vapor: Puede integrarse con los sistemas de drenaje Pop Drain de Armstrong, los monitores TrapAlert\u2122 y la supervisi\u00f3n remota de vapor SteamEye\u2122 para mejorar la gesti\u00f3n inteligente.<\/li>\n<li><strong>econom\u00eda<\/strong>Su dise\u00f1o ligero reduce los costes de transporte; su larga vida \u00fatil reduce la frecuencia de sustituci\u00f3n para sistemas de procesamiento de alimentos, qu\u00edmicos, farmac\u00e9uticos y de calefacci\u00f3n, ventilaci\u00f3n y aire acondicionado.<\/li>\n<\/ul>\n<p>Estas ventajas hacen que Armstrong 2011 sea el producto elegido en sistemas de gesti\u00f3n de vapor. Consulte la Gu\u00eda de mantenimiento:<a href=\"https:\/\/www.statesupply.com\/media\/filemanager\/2\/7\/2736.pdf\" target=\"_blank\" rel=\"noopener\">Gu\u00eda de servicio del purgador de vapor Armstrong<\/a>.<\/p>\n<h2>escenario de aplicaci\u00f3n<\/h2>\n<p>Los purgadores de vapor de cubeta invertida Armstrong 2011 se utilizan en una amplia variedad de escenarios industriales, incluidos:<\/p>\n<ul>\n<li><strong>Sistemas de calefacci\u00f3n de vapor<\/strong>Algunos ejemplos son los intercambiadores de calor, las secadoras y los equipos de cocina, que garantizan una transferencia eficaz del calor.<\/li>\n<li><strong>control de procesos<\/strong>Plantas qu\u00edmicas, plantas farmac\u00e9uticas y l\u00edneas de procesamiento de alimentos, con requisitos de vapor a alta presi\u00f3n.<\/li>\n<li><strong>HVAC y edificios<\/strong>: Sistema de suministro de vapor para edificios comerciales, que proporciona un drenaje fiable.<\/li>\n<li><strong>entorno de alta presi\u00f3n<\/strong>: 200 PSI m\u00e1ximo (para submodelos espec\u00edficos) de funcionamiento para aplicaciones industriales pesadas.<\/li>\n<\/ul>\n<p>Si su sistema requiere un purgador de vapor de alta eficiencia, Armstrong 2011 puede proporcionarle una soluci\u00f3n personalizada. Consulte el cat\u00e1logo de aplicaciones:<a href=\"https:\/\/www.mjwilsongroup.co.uk\/dynamic\/pdfs\/Armstrong-steam-trap-range.compressed.pdf\" target=\"_blank\" rel=\"noopener\">Gama de purgadores de vapor Armstrong<\/a>.<\/p>\n<h2>Mantenimiento y asistencia<\/h2>\n<p>Para garantizar un rendimiento \u00f3ptimo de los purgadores de vapor Armstrong 2011, se recomienda revisar peri\u00f3dicamente el mecanismo y las piezas de repuesto.Armstrong ofrece un servicio de asistencia completo, que incluye piezas de repuesto para los modelos de purgador especificados. Al realizar la instalaci\u00f3n, deje espacio suficiente y respete las normas de seguridad.<\/p>\n<p>Obtenga m\u00e1s documentaci\u00f3n de apoyo:<a href=\"https:\/\/ruml-api.mirandamedia.cz\/wp-content\/uploads\/2023\/01\/armstrong-int-steam-traps-en.pdf\" target=\"_blank\" rel=\"noopener\">Cat\u00e1logo internacional de purgadores de vapor Armstrong<\/a>.<\/p>","protected":false},"excerpt":{"rendered":"<p>El purgador de vapor de cubeta invertida 2011 de Armstrong forma parte de la serie 2000 de...<\/p>","protected":false},"featured_media":5416,"template":"","meta":{"_kadence_starter_templates_imported_post":false,"_kad_post_transparent":"default","_kad_post_title":"","_kad_post_layout":"default","_kad_post_sidebar_id":"","_kad_post_content_style":"default","_kad_post_vertical_padding":"default","_kad_post_feature":"","_kad_post_feature_position":"","_kad_post_header":false,"_kad_post_footer":false},"product_brand":[180],"product_cat":[56],"product_tag":[],"class_list":{"0":"post-5415","1":"product","2":"type-product","3":"status-publish","4":"has-post-thumbnail","6":"product_brand-armstrong","7":"product_cat-steam-traps","9":"first","10":"instock","11":"shipping-taxable","12":"product-type-simple","13":"entry","14":"content-bg","15":"loop-entry"},"_links":{"self":[{"href":"https:\/\/www.shopvalves.com\/es\/wp-json\/wp\/v2\/product\/5415","targetHints":{"allow":["GET"]}}],"collection":[{"href":"https:\/\/www.shopvalves.com\/es\/wp-json\/wp\/v2\/product"}],"about":[{"href":"https:\/\/www.shopvalves.com\/es\/wp-json\/wp\/v2\/types\/product"}],"wp:featuredmedia":[{"embeddable":true,"href":"https:\/\/www.shopvalves.com\/es\/wp-json\/wp\/v2\/media\/5416"}],"wp:attachment":[{"href":"https:\/\/www.shopvalves.com\/es\/wp-json\/wp\/v2\/media?parent=5415"}],"wp:term":[{"taxonomy":"product_brand","embeddable":true,"href":"https:\/\/www.shopvalves.com\/es\/wp-json\/wp\/v2\/product_brand?post=5415"},{"taxonomy":"product_cat","embeddable":true,"href":"https:\/\/www.shopvalves.com\/es\/wp-json\/wp\/v2\/product_cat?post=5415"},{"taxonomy":"product_tag","embeddable":true,"href":"https:\/\/www.shopvalves.com\/es\/wp-json\/wp\/v2\/product_tag?post=5415"}],"curies":[{"name":"wp","href":"https:\/\/api.w.org\/{rel}","templated":true}]}}